{"id":383,"date":"2026-04-15T15:59:22","date_gmt":"2026-04-15T18:59:22","guid":{"rendered":"https:\/\/php8.spedtotal.com.br\/?page_id=383"},"modified":"2026-04-15T16:06:16","modified_gmt":"2026-04-15T19:06:16","slug":"nfse","status":"publish","type":"page","link":"https:\/\/php8.spedtotal.com.br\/?page_id=383","title":{"rendered":"NFSe"},"content":{"rendered":"\t\t<div data-elementor-type=\"wp-page\" data-elementor-id=\"383\" class=\"elementor elementor-383\" data-elementor-post-type=\"page\">\n\t\t\t\t<div class=\"elementor-element elementor-element-d92a4ef e-flex e-con-boxed e-con e-parent\" data-id=\"d92a4ef\" data-element_type=\"container\" data-e-type=\"container\">\n\t\t\t\t\t<div class=\"e-con-inner\">\n\t\t\t\t<div class=\"elementor-element elementor-element-385252a elementor-widget elementor-widget-text-editor\" data-id=\"385252a\" data-element_type=\"widget\" data-e-type=\"widget\" data-widget_type=\"text-editor.default\">\n\t\t\t\t\t\t\t\t\t<h3 data-section-id=\"1lo8ye1\" data-start=\"325\" data-end=\"379\"><span style=\"color: #800000;\">M\u00f3dulo NFS-e (Nota Fiscal de Servi\u00e7os Eletr\u00f4nica)<\/span><\/h3><h4 data-section-id=\"1ilu69s\" data-start=\"381\" data-end=\"443\"><span style=\"color: #800000;\"><strong>Emiss\u00e3o e gerenciamento de NFS-e com integra\u00e7\u00e3o e seguran\u00e7a<\/strong><\/span><\/h4><h6 data-start=\"445\" data-end=\"639\">O <strong data-start=\"447\" data-end=\"460\">SpedTotal<\/strong> oferece uma solu\u00e7\u00e3o eficiente para <strong data-start=\"496\" data-end=\"584\">emiss\u00e3o, gerenciamento e armazenamento de NFS-e (Nota Fiscal de Servi\u00e7os Eletr\u00f4nica)<\/strong>, com integra\u00e7\u00e3o direta com Prefeituras e sistemas ERP.<\/h6><h6 data-start=\"641\" data-end=\"788\">A plataforma facilita o controle das notas fiscais de servi\u00e7o, garantindo conformidade com as exig\u00eancias municipais e maior efici\u00eancia operacional.<\/h6>\t\t\t\t\t\t\t\t<\/div>\n\t\t\t\t<div class=\"elementor-element elementor-element-0485a31 elementor-widget elementor-widget-image\" data-id=\"0485a31\" data-element_type=\"widget\" data-e-type=\"widget\" data-widget_type=\"image.default\">\n\t\t\t\t\t\t\t\t\t\t\t\t\t\t\t<img fetchpriority=\"high\" decoding=\"async\" width=\"550\" height=\"550\" src=\"https:\/\/php8.spedtotal.com.br\/wp-content\/uploads\/2026\/03\/Sped_Total_Diagrama_02.png\" class=\"attachment-large size-large wp-image-209\" alt=\"\" srcset=\"https:\/\/php8.spedtotal.com.br\/wp-content\/uploads\/2026\/03\/Sped_Total_Diagrama_02.png 550w, https:\/\/php8.spedtotal.com.br\/wp-content\/uploads\/2026\/03\/Sped_Total_Diagrama_02-300x300.png 300w, https:\/\/php8.spedtotal.com.br\/wp-content\/uploads\/2026\/03\/Sped_Total_Diagrama_02-150x150.png 150w\" sizes=\"(max-width: 550px) 100vw, 550px\" \/>\t\t\t\t\t\t\t\t\t\t\t\t\t\t\t<\/div>\n\t\t\t\t\t<\/div>\n\t\t\t\t<\/div>\n\t\t<div class=\"elementor-element elementor-element-6fc4e65 e-flex e-con-boxed e-con e-parent\" data-id=\"6fc4e65\" data-element_type=\"container\" data-e-type=\"container\">\n\t\t\t\t\t<div class=\"e-con-inner\">\n\t\t\t\t<div class=\"elementor-element elementor-element-9553099 elementor-widget elementor-widget-text-editor\" data-id=\"9553099\" data-element_type=\"widget\" data-e-type=\"widget\" data-widget_type=\"text-editor.default\">\n\t\t\t\t\t\t\t\t\t<h4 data-section-id=\"bu2xbo\" data-start=\"795\" data-end=\"827\"><strong><span style=\"color: #800000;\">Seguran\u00e7a e confiabilidade<\/span><\/strong><\/h4><h6 data-start=\"829\" data-end=\"872\">Utilizar o SpedTotal \u00e9 extremamente seguro.<\/h6><h6 data-start=\"874\" data-end=\"957\">O sistema conta com tecnologias avan\u00e7adas para garantir a prote\u00e7\u00e3o das informa\u00e7\u00f5es:<\/h6><ul data-start=\"959\" data-end=\"1173\"><li data-section-id=\"9r7os5\" data-start=\"959\" data-end=\"1010\"><h6>Ambiente validado por certifica\u00e7\u00e3o de seguran\u00e7a<\/h6><\/li><li data-section-id=\"hq00yq\" data-start=\"1011\" data-end=\"1069\"><h6>Utiliza\u00e7\u00e3o de protocolo <strong data-start=\"1037\" data-end=\"1067\">SSL (Secure Sockets Layer)<\/strong><\/h6><\/li><li data-section-id=\"f7n4db\" data-start=\"1070\" data-end=\"1121\"><h6>Criptografia de todas as informa\u00e7\u00f5es trafegadas<\/h6><\/li><li data-section-id=\"11j5w6b\" data-start=\"1122\" data-end=\"1173\"><h6>Comunica\u00e7\u00e3o segura entre sistemas e Prefeituras<\/h6><\/li><\/ul><h6 data-start=\"1175\" data-end=\"1266\">Isso garante que todas as transa\u00e7\u00f5es sejam realizadas em um ambiente protegido e confi\u00e1vel.<\/h6><p>\u00a0<\/p><h4 data-section-id=\"d2aj1f\" data-start=\"1273\" data-end=\"1310\"><strong><span style=\"color: #800000;\">Funcionalidades do m\u00f3dulo NFS-e<\/span><\/strong><\/h4><h6 data-start=\"1312\" data-end=\"1407\">O m\u00f3dulo NFS-e do SpedTotal oferece recursos completos para gest\u00e3o de notas fiscais de servi\u00e7o:<\/h6><ul data-start=\"1409\" data-end=\"1789\"><li data-section-id=\"66xsw9\" data-start=\"1409\" data-end=\"1529\"><h6>Dispon\u00edvel para emiss\u00e3o de NFS-e em <strong data-start=\"1447\" data-end=\"1490\">Prefeituras como S\u00e3o Paulo e S\u00e3o Carlos<\/strong> <em data-start=\"1491\" data-end=\"1527\">(consulte outras disponibilidades)<\/em><\/h6><\/li><li data-section-id=\"18zs7sy\" data-start=\"1530\" data-end=\"1603\"><h6>Valida\u00e7\u00e3o pr\u00e9via dos dados e da estrutura dos arquivos antes do envio<\/h6><\/li><li data-section-id=\"1ued4nl\" data-start=\"1604\" data-end=\"1637\"><h6>Armazenamento seguro de NFS-e<\/h6><\/li><li data-section-id=\"1vliyu6\" data-start=\"1638\" data-end=\"1704\"><h6>Gera\u00e7\u00e3o e impress\u00e3o de <strong data-start=\"1663\" data-end=\"1702\">RPS (Recibo Provis\u00f3rio de Servi\u00e7os)<\/strong><\/h6><\/li><li data-section-id=\"gtdf9d\" data-start=\"1705\" data-end=\"1789\"><h6>Integra\u00e7\u00e3o com sistemas de faturamento via <strong data-start=\"1750\" data-end=\"1787\">Webservices ou componente Windows<\/strong><\/h6><\/li><\/ul><p>\u00a0<\/p><h4 data-section-id=\"6wucmm\" data-start=\"1796\" data-end=\"1843\"><strong><span style=\"color: #800000;\">Mais controle sobre suas notas de servi\u00e7o<\/span><\/strong><\/h4><h6 data-start=\"1845\" data-end=\"2008\"><span style=\"color: #800000;\">Com o SpedTotal, sua empresa consegue organizar e gerenciar suas notas fiscais de servi\u00e7o com mais seguran\u00e7a, agilidade e integra\u00e7\u00e3o com os sistemas j\u00e1 utilizados.<\/span><\/h6>\t\t\t\t\t\t\t\t<\/div>\n\t\t\t\t\t<\/div>\n\t\t\t\t<\/div>\n\t\t\t\t<\/div>\n\t\t","protected":false},"excerpt":{"rendered":"<p>M\u00f3dulo NFS-e (Nota Fiscal de Servi\u00e7os Eletr\u00f4nica) Emiss\u00e3o e gerenciamento de NFS-e com integra\u00e7\u00e3o e seguran\u00e7a O SpedTotal oferece uma solu\u00e7\u00e3o eficiente para emiss\u00e3o, gerenciamento e armazenamento de NFS-e (Nota Fiscal de Servi\u00e7os Eletr\u00f4nica), com integra\u00e7\u00e3o direta com Prefeituras e sistemas ERP. A plataforma facilita o controle das notas fiscais de servi\u00e7o, garantindo conformidade com [&hellip;]<\/p>\n","protected":false},"author":2,"featured_media":0,"parent":0,"menu_order":0,"comment_status":"closed","ping_status":"closed","template":"","meta":{"footnotes":""},"class_list":["post-383","page","type-page","status-publish","hentry"],"_links":{"self":[{"href":"https:\/\/php8.spedtotal.com.br\/index.php?rest_route=\/wp\/v2\/pages\/383","targetHints":{"allow":["GET"]}}],"collection":[{"href":"https:\/\/php8.spedtotal.com.br\/index.php?rest_route=\/wp\/v2\/pages"}],"about":[{"href":"https:\/\/php8.spedtotal.com.br\/index.php?rest_route=\/wp\/v2\/types\/page"}],"author":[{"embeddable":true,"href":"https:\/\/php8.spedtotal.com.br\/index.php?rest_route=\/wp\/v2\/users\/2"}],"replies":[{"embeddable":true,"href":"https:\/\/php8.spedtotal.com.br\/index.php?rest_route=%2Fwp%2Fv2%2Fcomments&post=383"}],"version-history":[{"count":4,"href":"https:\/\/php8.spedtotal.com.br\/index.php?rest_route=\/wp\/v2\/pages\/383\/revisions"}],"predecessor-version":[{"id":387,"href":"https:\/\/php8.spedtotal.com.br\/index.php?rest_route=\/wp\/v2\/pages\/383\/revisions\/387"}],"wp:attachment":[{"href":"https:\/\/php8.spedtotal.com.br\/index.php?rest_route=%2Fwp%2Fv2%2Fmedia&parent=383"}],"curies":[{"name":"wp","href":"https:\/\/api.w.org\/{rel}","templated":true}]}}