{"id":376,"date":"2026-04-15T15:54:14","date_gmt":"2026-04-15T18:54:14","guid":{"rendered":"https:\/\/php8.spedtotal.com.br\/?page_id=376"},"modified":"2026-04-15T15:56:21","modified_gmt":"2026-04-15T18:56:21","slug":"nfe","status":"publish","type":"page","link":"https:\/\/php8.spedtotal.com.br\/?page_id=376","title":{"rendered":"NFe"},"content":{"rendered":"\t\t<div data-elementor-type=\"wp-page\" data-elementor-id=\"376\" class=\"elementor elementor-376\" data-elementor-post-type=\"page\">\n\t\t\t\t<div class=\"elementor-element elementor-element-2921d79 e-flex e-con-boxed e-con e-parent\" data-id=\"2921d79\" data-element_type=\"container\" data-e-type=\"container\">\n\t\t\t\t\t<div class=\"e-con-inner\">\n\t\t\t\t<div class=\"elementor-element elementor-element-c118fd0 elementor-widget elementor-widget-text-editor\" data-id=\"c118fd0\" data-element_type=\"widget\" data-e-type=\"widget\" data-widget_type=\"text-editor.default\">\n\t\t\t\t\t\t\t\t\t<h3 data-section-id=\"omwhrf\" data-start=\"358\" data-end=\"399\"><span style=\"color: #800000;\">M\u00f3dulo NF-e (Nota Fiscal Eletr\u00f4nica)<\/span><\/h3><h4 data-section-id=\"1e0f4xm\" data-start=\"401\" data-end=\"467\"><strong><span style=\"color: #800000;\">Gerenciamento completo de NF-e com seguran\u00e7a e integra\u00e7\u00e3o total<\/span><\/strong><\/h4><h6>O <span style=\"color: #000000;\"><strong data-start=\"471\" data-end=\"484\">SpedTotal<\/strong><\/span> oferece uma solu\u00e7\u00e3o completa para <strong data-start=\"519\" data-end=\"590\">emiss\u00e3o, gerenciamento e automa\u00e7\u00e3o de NF-e (Nota Fiscal Eletr\u00f4nica)<\/strong>, com integra\u00e7\u00e3o direta com sistemas ERP e comunica\u00e7\u00e3o segura com a <strong data-start=\"658\" data-end=\"667\">SEFAZ<\/strong>.<\/h6><h6 data-start=\"670\" data-end=\"801\">A plataforma foi desenvolvida para garantir efici\u00eancia operacional, conformidade fiscal e seguran\u00e7a em todas as etapas do processo.<\/h6>\t\t\t\t\t\t\t\t<\/div>\n\t\t\t\t<div class=\"elementor-element elementor-element-4ab1168 elementor-widget elementor-widget-image\" data-id=\"4ab1168\" data-element_type=\"widget\" data-e-type=\"widget\" data-widget_type=\"image.default\">\n\t\t\t\t\t\t\t\t\t\t\t\t\t\t\t<img fetchpriority=\"high\" decoding=\"async\" width=\"550\" height=\"550\" src=\"https:\/\/php8.spedtotal.com.br\/wp-content\/uploads\/2026\/03\/Sped_Total_Diagrama_02.png\" class=\"attachment-medium_large size-medium_large wp-image-209\" alt=\"\" srcset=\"https:\/\/php8.spedtotal.com.br\/wp-content\/uploads\/2026\/03\/Sped_Total_Diagrama_02.png 550w, https:\/\/php8.spedtotal.com.br\/wp-content\/uploads\/2026\/03\/Sped_Total_Diagrama_02-300x300.png 300w, https:\/\/php8.spedtotal.com.br\/wp-content\/uploads\/2026\/03\/Sped_Total_Diagrama_02-150x150.png 150w\" sizes=\"(max-width: 550px) 100vw, 550px\" \/>\t\t\t\t\t\t\t\t\t\t\t\t\t\t\t<\/div>\n\t\t\t\t\t<\/div>\n\t\t\t\t<\/div>\n\t\t<div class=\"elementor-element elementor-element-845ff1b e-flex e-con-boxed e-con e-parent\" data-id=\"845ff1b\" data-element_type=\"container\" data-e-type=\"container\">\n\t\t\t\t\t<div class=\"e-con-inner\">\n\t\t\t\t<div class=\"elementor-element elementor-element-1aac284 elementor-widget elementor-widget-text-editor\" data-id=\"1aac284\" data-element_type=\"widget\" data-e-type=\"widget\" data-widget_type=\"text-editor.default\">\n\t\t\t\t\t\t\t\t\t<h4 data-section-id=\"bu2xbo\" data-start=\"808\" data-end=\"840\"><strong><span style=\"color: #800000;\">Seguran\u00e7a e confiabilidade<\/span><\/strong><\/h4><h6 data-start=\"842\" data-end=\"885\">Utilizar o SpedTotal \u00e9 extremamente seguro.<\/h6><h6 data-start=\"887\" data-end=\"1003\">O sistema conta com valida\u00e7\u00e3o de seguran\u00e7a e utiliza tecnologias avan\u00e7adas para garantir a prote\u00e7\u00e3o das informa\u00e7\u00f5es:<\/h6><ul data-start=\"1005\" data-end=\"1233\"><li data-section-id=\"9r7os5\" data-start=\"1005\" data-end=\"1056\"><h6>Ambiente validado por certifica\u00e7\u00e3o de seguran\u00e7a<\/h6><\/li><li data-section-id=\"hq00yq\" data-start=\"1057\" data-end=\"1115\"><h6>Utiliza\u00e7\u00e3o de protocolo <strong data-start=\"1083\" data-end=\"1113\">SSL (Secure Sockets Layer)<\/strong><\/h6><\/li><li data-section-id=\"f7n4db\" data-start=\"1116\" data-end=\"1167\"><h6>Criptografia de todas as informa\u00e7\u00f5es trafegadas<\/h6><\/li><li data-section-id=\"19hopvr\" data-start=\"1168\" data-end=\"1233\"><h6>Comunica\u00e7\u00e3o segura entre ERP do cliente e o ambiente em nuvem<\/h6><\/li><\/ul><h6 data-start=\"1235\" data-end=\"1326\">Isso garante que todas as transa\u00e7\u00f5es sejam realizadas em um ambiente protegido e confi\u00e1vel.<\/h6><p>\u00a0<\/p><h4 data-section-id=\"oedjo4\" data-start=\"1333\" data-end=\"1365\"><span style=\"color: #800000;\"><strong>Caracter\u00edsticas principais<\/strong><\/span><\/h4><h6 data-start=\"1367\" data-end=\"1445\">O SpedTotal oferece recursos que facilitam a integra\u00e7\u00e3o e opera\u00e7\u00e3o do sistema:<\/h6><ul data-start=\"1447\" data-end=\"1845\"><li data-section-id=\"zea26e\" data-start=\"1447\" data-end=\"1493\"><h6>Integra\u00e7\u00e3o r\u00e1pida com qualquer sistema ERP<\/h6><\/li><li data-section-id=\"ctxagj\" data-start=\"1494\" data-end=\"1581\"><h6>Compat\u00edvel com m\u00faltiplas linguagens: <strong data-start=\"1533\" data-end=\"1579\">Delphi, VB, Java, C#, Clipper, PHP, Python<\/strong><\/h6><\/li><li data-section-id=\"ihbk9p\" data-start=\"1582\" data-end=\"1639\"><h6>Comunica\u00e7\u00e3o via <strong data-start=\"1600\" data-end=\"1637\">Webservices ou componente Windows<\/strong><\/h6><\/li><li data-section-id=\"1l56yn7\" data-start=\"1640\" data-end=\"1693\"><h6>Valida\u00e7\u00e3o, assinatura e envio de XML para a SEFAZ<\/h6><\/li><li data-section-id=\"8jocrp\" data-start=\"1694\" data-end=\"1747\"><h6>Infraestrutura em <strong data-start=\"1714\" data-end=\"1745\">Cloud 24&#215;7 com conting\u00eancia<\/strong><\/h6><\/li><li data-section-id=\"1bphko4\" data-start=\"1748\" data-end=\"1788\"><h6>Baixo custo de integra\u00e7\u00e3o e opera\u00e7\u00e3o<\/h6><\/li><li data-section-id=\"1tx6vqj\" data-start=\"1789\" data-end=\"1845\"><h6>Atualiza\u00e7\u00f5es constantes conforme a legisla\u00e7\u00e3o fiscal<\/h6><\/li><\/ul><p>\u00a0<\/p><h4 data-section-id=\"1mifpps\" data-start=\"1852\" data-end=\"1888\"><span style=\"color: #800000;\"><strong>Funcionalidades do m\u00f3dulo NF-e<\/strong><\/span><\/h4><h6 data-start=\"1890\" data-end=\"1968\">O m\u00f3dulo NF-e do SpedTotal oferece uma gest\u00e3o completa dos documentos fiscais:<\/h6><ul data-start=\"1970\" data-end=\"2376\"><li data-section-id=\"1p4tav1\" data-start=\"1970\" data-end=\"2001\"><h6>Integra\u00e7\u00e3o com qualquer ERP<\/h6><\/li><li data-section-id=\"acouy\" data-start=\"2002\" data-end=\"2057\"><h6>Valida\u00e7\u00e3o pr\u00e9via dos dados e estrutura dos arquivos<\/h6><\/li><li data-section-id=\"1rpdac\" data-start=\"2058\" data-end=\"2093\"><h6>Gera\u00e7\u00e3o e armazenamento de NF-e<\/h6><\/li><li data-section-id=\"16we0bq\" data-start=\"2094\" data-end=\"2126\"><h6>Emiss\u00e3o e impress\u00e3o de DANFE<\/h6><\/li><li data-section-id=\"fyh3ca\" data-start=\"2127\" data-end=\"2145\"><h6>Gera\u00e7\u00e3o de XML<\/h6><\/li><li data-section-id=\"1h5u805\" data-start=\"2146\" data-end=\"2197\"><h6>Envio de XML e DANFE por e-mail ao destinat\u00e1rio<\/h6><\/li><li data-section-id=\"1nnn4hg\" data-start=\"2198\" data-end=\"2257\"><h6>Integra\u00e7\u00e3o com sistemas de faturamento via nuvem (SaaS)<\/h6><\/li><li data-section-id=\"1pd2mf1\" data-start=\"2258\" data-end=\"2321\"><h6>Emiss\u00e3o em ambiente de homologa\u00e7\u00e3o, produ\u00e7\u00e3o e conting\u00eancia<\/h6><\/li><li data-section-id=\"1cww1lg\" data-start=\"2322\" data-end=\"2376\"><h6>Importa\u00e7\u00e3o de documentos (via e-mail ou aplica\u00e7\u00e3o)<\/h6><\/li><\/ul><p>\u00a0<\/p><h4 data-section-id=\"1tgq570\" data-start=\"2383\" data-end=\"2416\"><strong><span style=\"color: #800000;\">Gest\u00e3o fiscal junto \u00e0 SEFAZ<\/span><\/strong><\/h4><h6 data-start=\"2418\" data-end=\"2480\">A solu\u00e7\u00e3o tamb\u00e9m permite controle total das opera\u00e7\u00f5es fiscais:<\/h6><ul data-start=\"2482\" data-end=\"2645\"><li data-section-id=\"pxmrb6\" data-start=\"2482\" data-end=\"2527\"><h6>Consulta da situa\u00e7\u00e3o fiscal em tempo real<\/h6><\/li><li data-section-id=\"4mbuud\" data-start=\"2528\" data-end=\"2587\"><h6>Inutiliza\u00e7\u00e3o de numera\u00e7\u00e3o de NF-e (unit\u00e1ria ou em lote)<\/h6><\/li><li data-section-id=\"13e6scz\" data-start=\"2588\" data-end=\"2612\"><h6>Cancelamento de NF-e<\/h6><\/li><li data-section-id=\"13mxijm\" data-start=\"2613\" data-end=\"2645\"><h6>Emiss\u00e3o de Carta de Corre\u00e7\u00e3o<\/h6><\/li><\/ul>\t\t\t\t\t\t\t\t<\/div>\n\t\t\t\t\t<\/div>\n\t\t\t\t<\/div>\n\t\t\t\t<\/div>\n\t\t","protected":false},"excerpt":{"rendered":"<p>M\u00f3dulo NF-e (Nota Fiscal Eletr\u00f4nica) Gerenciamento completo de NF-e com seguran\u00e7a e integra\u00e7\u00e3o total O SpedTotal oferece uma solu\u00e7\u00e3o completa para emiss\u00e3o, gerenciamento e automa\u00e7\u00e3o de NF-e (Nota Fiscal Eletr\u00f4nica), com integra\u00e7\u00e3o direta com sistemas ERP e comunica\u00e7\u00e3o segura com a SEFAZ. A plataforma foi desenvolvida para garantir efici\u00eancia operacional, conformidade fiscal e seguran\u00e7a em [&hellip;]<\/p>\n","protected":false},"author":2,"featured_media":0,"parent":0,"menu_order":0,"comment_status":"closed","ping_status":"closed","template":"","meta":{"footnotes":""},"class_list":["post-376","page","type-page","status-publish","hentry"],"_links":{"self":[{"href":"https:\/\/php8.spedtotal.com.br\/index.php?rest_route=\/wp\/v2\/pages\/376","targetHints":{"allow":["GET"]}}],"collection":[{"href":"https:\/\/php8.spedtotal.com.br\/index.php?rest_route=\/wp\/v2\/pages"}],"about":[{"href":"https:\/\/php8.spedtotal.com.br\/index.php?rest_route=\/wp\/v2\/types\/page"}],"author":[{"embeddable":true,"href":"https:\/\/php8.spedtotal.com.br\/index.php?rest_route=\/wp\/v2\/users\/2"}],"replies":[{"embeddable":true,"href":"https:\/\/php8.spedtotal.com.br\/index.php?rest_route=%2Fwp%2Fv2%2Fcomments&post=376"}],"version-history":[{"count":4,"href":"https:\/\/php8.spedtotal.com.br\/index.php?rest_route=\/wp\/v2\/pages\/376\/revisions"}],"predecessor-version":[{"id":380,"href":"https:\/\/php8.spedtotal.com.br\/index.php?rest_route=\/wp\/v2\/pages\/376\/revisions\/380"}],"wp:attachment":[{"href":"https:\/\/php8.spedtotal.com.br\/index.php?rest_route=%2Fwp%2Fv2%2Fmedia&parent=376"}],"curies":[{"name":"wp","href":"https:\/\/api.w.org\/{rel}","templated":true}]}}