{"id":368,"date":"2026-04-15T12:37:14","date_gmt":"2026-04-15T15:37:14","guid":{"rendered":"https:\/\/php8.spedtotal.com.br\/?page_id=368"},"modified":"2026-04-15T12:47:07","modified_gmt":"2026-04-15T15:47:07","slug":"seguranca","status":"publish","type":"page","link":"https:\/\/php8.spedtotal.com.br\/?page_id=368","title":{"rendered":"Seguran\u00e7a"},"content":{"rendered":"\t\t<div data-elementor-type=\"wp-page\" data-elementor-id=\"368\" class=\"elementor elementor-368\" data-elementor-post-type=\"page\">\n\t\t\t\t<div class=\"elementor-element elementor-element-9df24da e-flex e-con-boxed e-con e-parent\" data-id=\"9df24da\" data-element_type=\"container\" data-e-type=\"container\">\n\t\t\t\t\t<div class=\"e-con-inner\">\n\t\t\t\t<div class=\"elementor-element elementor-element-6bcc9b2 elementor-widget elementor-widget-text-editor\" data-id=\"6bcc9b2\" data-element_type=\"widget\" data-e-type=\"widget\" data-widget_type=\"text-editor.default\">\n\t\t\t\t\t\t\t\t\t<h4 data-section-id=\"lhuc1h\" data-start=\"276\" data-end=\"303\"><strong><span style=\"color: #800000;\">Seguran\u00e7a no SpedTotal<\/span><\/strong><\/h4><h6 data-start=\"305\" data-end=\"364\">A seguran\u00e7a \u00e9 um dos pilares fundamentais do <span style=\"color: #800000;\"><strong data-start=\"350\" data-end=\"363\">SpedTotal<\/strong><\/span>. Por isso, o portal foi desenvolvido com diversas tecnologias e pr\u00e1ticas para garantir a<span style=\"color: #800000;\"> <strong data-start=\"454\" data-end=\"540\">m\u00e1xima prote\u00e7\u00e3o, confiabilidade de acesso e integridade dos arquivos e informa\u00e7\u00f5es<\/strong>.<\/span><\/h6>\t\t\t\t\t\t\t\t<\/div>\n\t\t\t\t\t<\/div>\n\t\t\t\t<\/div>\n\t\t<div class=\"elementor-element elementor-element-206f84c e-flex e-con-boxed e-con e-parent\" data-id=\"206f84c\" data-element_type=\"container\" data-e-type=\"container\">\n\t\t\t\t\t<div class=\"e-con-inner\">\n\t\t\t\t<div class=\"elementor-element elementor-element-bdc8480 elementor-widget elementor-widget-image\" data-id=\"bdc8480\" data-element_type=\"widget\" data-e-type=\"widget\" data-widget_type=\"image.default\">\n\t\t\t\t\t\t\t\t\t\t\t\t\t\t\t<img fetchpriority=\"high\" decoding=\"async\" width=\"768\" height=\"512\" src=\"https:\/\/php8.spedtotal.com.br\/wp-content\/uploads\/2026\/04\/seguranca_spedtotal-768x512.webp\" class=\"attachment-medium_large size-medium_large wp-image-370\" alt=\"seguran\u00e7a_spedtotal\" srcset=\"https:\/\/php8.spedtotal.com.br\/wp-content\/uploads\/2026\/04\/seguranca_spedtotal-768x512.webp 768w, https:\/\/php8.spedtotal.com.br\/wp-content\/uploads\/2026\/04\/seguranca_spedtotal-300x200.webp 300w, https:\/\/php8.spedtotal.com.br\/wp-content\/uploads\/2026\/04\/seguranca_spedtotal-1024x683.webp 1024w, https:\/\/php8.spedtotal.com.br\/wp-content\/uploads\/2026\/04\/seguranca_spedtotal.webp 1536w\" sizes=\"(max-width: 768px) 100vw, 768px\" \/>\t\t\t\t\t\t\t\t\t\t\t\t\t\t\t<\/div>\n\t\t\t\t\t<\/div>\n\t\t\t\t<\/div>\n\t\t<div class=\"elementor-element elementor-element-3d8dc08 e-flex e-con-boxed e-con e-parent\" data-id=\"3d8dc08\" data-element_type=\"container\" data-e-type=\"container\">\n\t\t\t\t\t<div class=\"e-con-inner\">\n\t\t\t\t<div class=\"elementor-element elementor-element-ac64b3b elementor-widget elementor-widget-text-editor\" data-id=\"ac64b3b\" data-element_type=\"widget\" data-e-type=\"widget\" data-widget_type=\"text-editor.default\">\n\t\t\t\t\t\t\t\t\t<h4 data-section-id=\"xiki47\" data-start=\"548\" data-end=\"586\"><strong><span style=\"color: #800000;\">Acesso ao sistema e aos arquivos<\/span><\/strong><\/h4><h6 data-start=\"588\" data-end=\"642\">O acesso ao SpedTotal \u00e9 altamente controlado e seguro:<\/h6><ul data-start=\"644\" data-end=\"945\"><li data-section-id=\"3zt1g7\" data-start=\"644\" data-end=\"715\"><h6>Utiliza\u00e7\u00e3o obrigat\u00f3ria de <strong data-start=\"672\" data-end=\"713\">certificado digital padr\u00e3o ICP-Brasil<\/strong><\/h6><\/li><li data-section-id=\"1mqovh7\" data-start=\"716\" data-end=\"785\"><h6>Necessidade de <strong data-start=\"733\" data-end=\"783\">senha do certificado digital para autentica\u00e7\u00e3o<\/strong><\/h6><\/li><li data-section-id=\"1wjp90z\" data-start=\"786\" data-end=\"851\"><h6>Cada usu\u00e1rio acessa apenas os arquivos que lhe dizem respeito<\/h6><\/li><li data-section-id=\"2lrcys\" data-start=\"852\" data-end=\"945\"><h6>Permiss\u00f5es restritas para:<\/h6><ul data-start=\"883\" data-end=\"945\"><li data-section-id=\"1z0sjad\" data-start=\"883\" data-end=\"899\"><h6>Visualiza\u00e7\u00e3o<\/h6><\/li><li data-section-id=\"1lsut98\" data-start=\"902\" data-end=\"914\"><h6>Download<\/h6><\/li><li data-section-id=\"1e128nj\" data-start=\"917\" data-end=\"945\"><h6>Assinatura de documentos<\/h6><\/li><\/ul><\/li><\/ul><p>\u00a0<\/p><h4 data-section-id=\"1k6jerv\" data-start=\"952\" data-end=\"989\"><span style=\"color: #800000;\"><strong>Prote\u00e7\u00e3o de documentos e dados<\/strong><\/span><\/h4><h6 data-start=\"991\" data-end=\"1069\">Todos os documentos e informa\u00e7\u00f5es s\u00e3o armazenados com alto n\u00edvel de seguran\u00e7a:<\/h6><ul data-start=\"1071\" data-end=\"1337\"><li data-section-id=\"ugdrk1\" data-start=\"1071\" data-end=\"1130\"><h6>Dados protegidos com <strong data-start=\"1094\" data-end=\"1128\">criptografia forte de 256 bits<\/strong><\/h6><\/li><li data-section-id=\"1ecag05\" data-start=\"1131\" data-end=\"1184\"><h6>Armazenamento em <strong data-start=\"1150\" data-end=\"1182\">Data Center moderno e seguro<\/strong><\/h6><\/li><li data-section-id=\"1y7okp1\" data-start=\"1185\" data-end=\"1240\"><h6>Alta disponibilidade do sistema (<strong data-start=\"1220\" data-end=\"1237\">mais de 99,9%<\/strong>)<\/h6><\/li><li data-section-id=\"16c3iox\" data-start=\"1241\" data-end=\"1290\"><h6>Backups peri\u00f3dicos realizados automaticamente<\/h6><\/li><li data-section-id=\"jiklqd\" data-start=\"1291\" data-end=\"1337\"><h6>Backups tamb\u00e9m protegidos por criptografia<\/h6><\/li><\/ul><p>\u00a0<\/p><h4 data-section-id=\"1oepwkz\" data-start=\"1344\" data-end=\"1393\"><span style=\"color: #800000;\"><strong>Seguran\u00e7a no processo de assinatura digital<\/strong><\/span><\/h4><h6 data-start=\"1395\" data-end=\"1481\">A seguran\u00e7a na assinatura digital \u00e9 essencial para garantir a validade dos documentos. O processo adotado pelo SpedTotal assegura:<\/h6><ul data-start=\"1528\" data-end=\"1646\"><li data-section-id=\"15o0b6g\" data-start=\"1528\" data-end=\"1595\"><h6>Inclus\u00e3o correta de informa\u00e7\u00f5es nos arquivos em formato <strong data-start=\"1586\" data-end=\"1593\">XML<\/strong><\/h6><\/li><li data-section-id=\"si3fww\" data-start=\"1596\" data-end=\"1646\"><h6>Impossibilidade de altera\u00e7\u00e3o ap\u00f3s a assinatura<\/h6><\/li><\/ul><p>\u00a0<\/p><h4 data-section-id=\"167hiax\" data-start=\"1653\" data-end=\"1696\"><span style=\"color: #800000;\"><strong>Informa\u00e7\u00f5es registradas na assinatura<\/strong><\/span><\/h4><h6 data-start=\"1698\" data-end=\"1780\">Durante o processo de assinatura digital, s\u00e3o incorporadas informa\u00e7\u00f5es essenciais:<\/h6><ul data-start=\"1782\" data-end=\"1895\"><li data-section-id=\"13z3j6y\" data-start=\"1782\" data-end=\"1821\"><h6>Nome completo e CPF dos signat\u00e1rios<\/h6><\/li><li data-section-id=\"h44qpc\" data-start=\"1822\" data-end=\"1857\"><h6>Data e hora exata da assinatura<\/h6><\/li><li data-section-id=\"l02a7l\" data-start=\"1858\" data-end=\"1895\"><h6>Dados de seguran\u00e7a e rastreamento<\/h6><\/li><\/ul><p>\u00a0<\/p><h4 data-section-id=\"1eorpgi\" data-start=\"1902\" data-end=\"1939\"><span style=\"color: #800000;\"><strong>Garantias da assinatura digital<\/strong><\/span><\/h4><h6 data-start=\"1941\" data-end=\"2048\">O processo de assinatura do SpedTotal segue rigorosamente os princ\u00edpios que garantem sua validade jur\u00eddica:<\/h6><ul data-start=\"2050\" data-end=\"2447\"><li data-section-id=\"icajir\" data-start=\"2050\" data-end=\"2156\"><h6><span style=\"color: #800000;\"><strong data-start=\"2052\" data-end=\"2063\">Autoria<\/strong><\/span><\/h6><h6>Garante que o signat\u00e1rio \u00e9 quem realizou a assinatura, por meio do certificado digital<\/h6><\/li><li data-section-id=\"lcn0tx\" data-start=\"2158\" data-end=\"2294\"><h6><span style=\"color: #800000;\"><strong data-start=\"2160\" data-end=\"2175\">Integridade<\/strong><\/span><\/h6><h6>Ap\u00f3s a assinatura, o documento n\u00e3o pode ser alterado. Qualquer modifica\u00e7\u00e3o invalida completamente as assinaturas<\/h6><\/li><li data-section-id=\"goho1c\" data-start=\"2296\" data-end=\"2447\"><h6><span style=\"color: #800000;\"><strong data-start=\"2298\" data-end=\"2316\">Tempestividade<\/strong><\/span><\/h6><h6>Data e hora s\u00e3o obtidas de fonte confi\u00e1vel via internet, garantindo precis\u00e3o mesmo que o rel\u00f3gio do usu\u00e1rio esteja incorreto<\/h6><\/li><\/ul><h6>\u00a0<\/h6>\t\t\t\t\t\t\t\t<\/div>\n\t\t\t\t\t<\/div>\n\t\t\t\t<\/div>\n\t\t\t\t<\/div>\n\t\t","protected":false},"excerpt":{"rendered":"<p>Seguran\u00e7a no SpedTotal A seguran\u00e7a \u00e9 um dos pilares fundamentais do SpedTotal. Por isso, o portal foi desenvolvido com diversas tecnologias e pr\u00e1ticas para garantir a m\u00e1xima prote\u00e7\u00e3o, confiabilidade de acesso e integridade dos arquivos e informa\u00e7\u00f5es. Acesso ao sistema e aos arquivos O acesso ao SpedTotal \u00e9 altamente controlado e seguro: Utiliza\u00e7\u00e3o obrigat\u00f3ria de [&hellip;]<\/p>\n","protected":false},"author":2,"featured_media":0,"parent":0,"menu_order":0,"comment_status":"closed","ping_status":"closed","template":"","meta":{"footnotes":""},"class_list":["post-368","page","type-page","status-publish","hentry"],"_links":{"self":[{"href":"https:\/\/php8.spedtotal.com.br\/index.php?rest_route=\/wp\/v2\/pages\/368","targetHints":{"allow":["GET"]}}],"collection":[{"href":"https:\/\/php8.spedtotal.com.br\/index.php?rest_route=\/wp\/v2\/pages"}],"about":[{"href":"https:\/\/php8.spedtotal.com.br\/index.php?rest_route=\/wp\/v2\/types\/page"}],"author":[{"embeddable":true,"href":"https:\/\/php8.spedtotal.com.br\/index.php?rest_route=\/wp\/v2\/users\/2"}],"replies":[{"embeddable":true,"href":"https:\/\/php8.spedtotal.com.br\/index.php?rest_route=%2Fwp%2Fv2%2Fcomments&post=368"}],"version-history":[{"count":4,"href":"https:\/\/php8.spedtotal.com.br\/index.php?rest_route=\/wp\/v2\/pages\/368\/revisions"}],"predecessor-version":[{"id":373,"href":"https:\/\/php8.spedtotal.com.br\/index.php?rest_route=\/wp\/v2\/pages\/368\/revisions\/373"}],"wp:attachment":[{"href":"https:\/\/php8.spedtotal.com.br\/index.php?rest_route=%2Fwp%2Fv2%2Fmedia&parent=368"}],"curies":[{"name":"wp","href":"https:\/\/api.w.org\/{rel}","templated":true}]}}