{"id":359,"date":"2026-04-15T12:20:22","date_gmt":"2026-04-15T15:20:22","guid":{"rendered":"https:\/\/php8.spedtotal.com.br\/?page_id=359"},"modified":"2026-04-15T12:34:19","modified_gmt":"2026-04-15T15:34:19","slug":"gerenciamento-de-nfe-e-obrigacoes-do-sped","status":"publish","type":"page","link":"https:\/\/php8.spedtotal.com.br\/?page_id=359","title":{"rendered":"Gerenciamento de NFe e Obriga\u00e7\u00f5es do SPED"},"content":{"rendered":"\t\t<div data-elementor-type=\"wp-page\" data-elementor-id=\"359\" class=\"elementor elementor-359\" data-elementor-post-type=\"page\">\n\t\t\t\t<div class=\"elementor-element elementor-element-893b4e3 e-flex e-con-boxed e-con e-parent\" data-id=\"893b4e3\" data-element_type=\"container\" data-e-type=\"container\">\n\t\t\t\t\t<div class=\"e-con-inner\">\n\t\t\t\t<div class=\"elementor-element elementor-element-0524ce6 elementor-widget elementor-widget-text-editor\" data-id=\"0524ce6\" data-element_type=\"widget\" data-e-type=\"widget\" data-widget_type=\"text-editor.default\">\n\t\t\t\t\t\t\t\t\t<h6 data-start=\"351\" data-end=\"568\">O<span style=\"color: #800000;\"> <strong data-start=\"353\" data-end=\"366\">SpedTotal<\/strong><\/span> \u00e9 uma solu\u00e7\u00e3o completa para o <strong data-start=\"397\" data-end=\"447\">gerenciamento de NF-e (Nota Fiscal Eletr\u00f4nica)<\/strong> e das <strong data-start=\"454\" data-end=\"476\">obriga\u00e7\u00f5es do SPED<\/strong>, permitindo organizar, armazenar e consultar documentos fiscais com seguran\u00e7a e efici\u00eancia.<\/h6><h6 data-start=\"570\" data-end=\"717\">Com tecnologia em nuvem, a plataforma garante acesso r\u00e1pido \u00e0s informa\u00e7\u00f5es fiscais, facilitando o controle e a gest\u00e3o das opera\u00e7\u00f5es da sua empresa.<\/h6>\t\t\t\t\t\t\t\t<\/div>\n\t\t\t\t<div class=\"elementor-element elementor-element-2ed7dfd elementor-widget elementor-widget-image\" data-id=\"2ed7dfd\" data-element_type=\"widget\" data-e-type=\"widget\" data-widget_type=\"image.default\">\n\t\t\t\t\t\t\t\t\t\t\t\t\t\t\t<img fetchpriority=\"high\" decoding=\"async\" width=\"768\" height=\"512\" src=\"https:\/\/php8.spedtotal.com.br\/wp-content\/uploads\/2026\/04\/dashboards_gerenciamentoNFE-768x512.webp\" class=\"attachment-medium_large size-medium_large wp-image-361\" alt=\"\" srcset=\"https:\/\/php8.spedtotal.com.br\/wp-content\/uploads\/2026\/04\/dashboards_gerenciamentoNFE-768x512.webp 768w, https:\/\/php8.spedtotal.com.br\/wp-content\/uploads\/2026\/04\/dashboards_gerenciamentoNFE-300x200.webp 300w, https:\/\/php8.spedtotal.com.br\/wp-content\/uploads\/2026\/04\/dashboards_gerenciamentoNFE-1024x683.webp 1024w, https:\/\/php8.spedtotal.com.br\/wp-content\/uploads\/2026\/04\/dashboards_gerenciamentoNFE.webp 1536w\" sizes=\"(max-width: 768px) 100vw, 768px\" \/>\t\t\t\t\t\t\t\t\t\t\t\t\t\t\t<\/div>\n\t\t\t\t\t<\/div>\n\t\t\t\t<\/div>\n\t\t<div class=\"elementor-element elementor-element-ad85b65 e-flex e-con-boxed e-con e-parent\" data-id=\"ad85b65\" data-element_type=\"container\" data-e-type=\"container\">\n\t\t\t\t\t<div class=\"e-con-inner\">\n\t\t\t\t<div class=\"elementor-element elementor-element-3b774c1 elementor-widget elementor-widget-text-editor\" data-id=\"3b774c1\" data-element_type=\"widget\" data-e-type=\"widget\" data-widget_type=\"text-editor.default\">\n\t\t\t\t\t\t\t\t\t<h4 data-section-id=\"1sfyba0\" data-start=\"724\" data-end=\"761\"><strong><span style=\"color: #800000;\">\u2601\ufe0f Armazenamento e gest\u00e3o em nuvem<\/span><\/strong><\/h4><h6 data-start=\"763\" data-end=\"846\">O SpedTotal oferece <strong data-start=\"783\" data-end=\"833\">armazenamento e gerenciamento de NF-e em cloud<\/strong>, permitindo:<\/h6><ul data-start=\"848\" data-end=\"980\"><li data-section-id=\"1geyn5o\" data-start=\"848\" data-end=\"899\"><h6>Acesso aos documentos fiscais de qualquer local<\/h6><\/li><li data-section-id=\"1cr55w5\" data-start=\"900\" data-end=\"933\"><h6>Disponibilidade em tempo real<\/h6><\/li><li data-section-id=\"1bmlvba\" data-start=\"934\" data-end=\"980\"><h6>Seguran\u00e7a no armazenamento das informa\u00e7\u00f5es<\/h6><\/li><\/ul><h2 data-section-id=\"ra5hcl\" data-start=\"987\" data-end=\"1023\">\u00a0<\/h2><h4 data-section-id=\"ra5hcl\" data-start=\"987\" data-end=\"1023\"><strong><span style=\"color: #800000;\">Consulta r\u00e1pida e centralizada<\/span><\/strong><\/h4><h6 data-start=\"1025\" data-end=\"1121\">A plataforma permite realizar <strong data-start=\"1055\" data-end=\"1111\">consultas r\u00e1pidas em toda a base de NF-e armazenadas<\/strong>, al\u00e9m de:<\/h6><ul data-start=\"1123\" data-end=\"1305\"><li data-section-id=\"1f2wpdj\" data-start=\"1123\" data-end=\"1177\"><h6>Consulta de documentos fiscais de forma organizada<\/h6><\/li><li data-section-id=\"m6jftv\" data-start=\"1178\" data-end=\"1251\"><h6>Acompanhamento das entregas de <strong data-start=\"1211\" data-end=\"1249\">EFDs (Escritura\u00e7\u00e3o Fiscal Digital)<\/strong><\/h6><\/li><li data-section-id=\"ilxg7d\" data-start=\"1252\" data-end=\"1305\"><h6>Visualiza\u00e7\u00e3o simplificada das informa\u00e7\u00f5es fiscais<\/h6><\/li><\/ul><p>\u00a0<\/p><h4 data-section-id=\"5hwf3f\" data-start=\"1312\" data-end=\"1361\"><span style=\"color: #800000;\"><strong>Mais controle sobre suas obriga\u00e7\u00f5es fiscais<\/strong><\/span><\/h4><h6 data-start=\"1363\" data-end=\"1531\"><span style=\"color: #800000;\">Com o SpedTotal, sua empresa ganha mais controle sobre o cumprimento das obriga\u00e7\u00f5es fiscais, reduzindo riscos e facilitando a gest\u00e3o das informa\u00e7\u00f5es exigidas pelo SPED.<\/span><\/h6>\t\t\t\t\t\t\t\t<\/div>\n\t\t\t\t\t<\/div>\n\t\t\t\t<\/div>\n\t\t\t\t<\/div>\n\t\t","protected":false},"excerpt":{"rendered":"<p>O SpedTotal \u00e9 uma solu\u00e7\u00e3o completa para o gerenciamento de NF-e (Nota Fiscal Eletr\u00f4nica) e das obriga\u00e7\u00f5es do SPED, permitindo organizar, armazenar e consultar documentos fiscais com seguran\u00e7a e efici\u00eancia. Com tecnologia em nuvem, a plataforma garante acesso r\u00e1pido \u00e0s informa\u00e7\u00f5es fiscais, facilitando o controle e a gest\u00e3o das opera\u00e7\u00f5es da sua empresa. \u2601\ufe0f Armazenamento [&hellip;]<\/p>\n","protected":false},"author":2,"featured_media":0,"parent":0,"menu_order":0,"comment_status":"closed","ping_status":"closed","template":"","meta":{"footnotes":""},"class_list":["post-359","page","type-page","status-publish","hentry"],"_links":{"self":[{"href":"https:\/\/php8.spedtotal.com.br\/index.php?rest_route=\/wp\/v2\/pages\/359","targetHints":{"allow":["GET"]}}],"collection":[{"href":"https:\/\/php8.spedtotal.com.br\/index.php?rest_route=\/wp\/v2\/pages"}],"about":[{"href":"https:\/\/php8.spedtotal.com.br\/index.php?rest_route=\/wp\/v2\/types\/page"}],"author":[{"embeddable":true,"href":"https:\/\/php8.spedtotal.com.br\/index.php?rest_route=\/wp\/v2\/users\/2"}],"replies":[{"embeddable":true,"href":"https:\/\/php8.spedtotal.com.br\/index.php?rest_route=%2Fwp%2Fv2%2Fcomments&post=359"}],"version-history":[{"count":4,"href":"https:\/\/php8.spedtotal.com.br\/index.php?rest_route=\/wp\/v2\/pages\/359\/revisions"}],"predecessor-version":[{"id":364,"href":"https:\/\/php8.spedtotal.com.br\/index.php?rest_route=\/wp\/v2\/pages\/359\/revisions\/364"}],"wp:attachment":[{"href":"https:\/\/php8.spedtotal.com.br\/index.php?rest_route=%2Fwp%2Fv2%2Fmedia&parent=359"}],"curies":[{"name":"wp","href":"https:\/\/api.w.org\/{rel}","templated":true}]}}