{"id":351,"date":"2026-04-15T12:08:07","date_gmt":"2026-04-15T15:08:07","guid":{"rendered":"https:\/\/php8.spedtotal.com.br\/?page_id=351"},"modified":"2026-04-15T12:11:57","modified_gmt":"2026-04-15T15:11:57","slug":"validade-juridica","status":"publish","type":"page","link":"https:\/\/php8.spedtotal.com.br\/?page_id=351","title":{"rendered":"Validade Jur\u00eddica"},"content":{"rendered":"\t\t<div data-elementor-type=\"wp-page\" data-elementor-id=\"351\" class=\"elementor elementor-351\" data-elementor-post-type=\"page\">\n\t\t\t\t<div class=\"elementor-element elementor-element-a14d00d e-flex e-con-boxed e-con e-parent\" data-id=\"a14d00d\" data-element_type=\"container\" data-e-type=\"container\">\n\t\t\t\t\t<div class=\"e-con-inner\">\n\t\t\t\t<div class=\"elementor-element elementor-element-6bbeb4d elementor-widget elementor-widget-text-editor\" data-id=\"6bbeb4d\" data-element_type=\"widget\" data-e-type=\"widget\" data-widget_type=\"text-editor.default\">\n\t\t\t\t\t\t\t\t\t<h4 data-section-id=\"lwbqmn\" data-start=\"343\" data-end=\"388\">\u00a0<\/h4><h4 data-section-id=\"lwbqmn\" data-start=\"343\" data-end=\"388\"><span style=\"color: #800000;\"><strong>Documentos digitais t\u00eam validade jur\u00eddica?<\/strong><\/span><\/h4><h6 data-start=\"390\" data-end=\"537\">De nada adiantaria toda a tecnologia envolvida na certifica\u00e7\u00e3o digital se os documentos assinados eletronicamente n\u00e3o tivessem validade jur\u00eddica. No Brasil, essa quest\u00e3o j\u00e1 est\u00e1 resolvida: <strong data-start=\"582\" data-end=\"648\">documentos assinados digitalmente possuem total respaldo legal<\/strong>.<\/h6><p>\u00a0<\/p><h4 data-section-id=\"xqh2vb\" data-start=\"656\" data-end=\"695\"><span style=\"color: #800000;\"><strong>Seguran\u00e7a baseada em criptografia<\/strong><\/span><\/h4><h6 data-start=\"697\" data-end=\"872\">A confiabilidade da certifica\u00e7\u00e3o digital \u00e9 baseada em t\u00e9cnicas de <strong data-start=\"763\" data-end=\"779\">criptografia<\/strong>, amplamente testadas e validadas pela comunidade cient\u00edfica internacional ao longo dos anos. Esse reconhecimento contribuiu para a aceita\u00e7\u00e3o dos documentos eletr\u00f4nicos no meio jur\u00eddico, tanto no Brasil quanto no exterior.<\/h6>\t\t\t\t\t\t\t\t<\/div>\n\t\t\t\t<div class=\"elementor-element elementor-element-2b541a6 elementor-widget elementor-widget-image\" data-id=\"2b541a6\" data-element_type=\"widget\" data-e-type=\"widget\" data-widget_type=\"image.default\">\n\t\t\t\t\t\t\t\t\t\t\t\t\t\t\t<img fetchpriority=\"high\" decoding=\"async\" width=\"768\" height=\"512\" src=\"https:\/\/php8.spedtotal.com.br\/wp-content\/uploads\/2026\/04\/validacao_juridica_spedtotal-768x512.png\" class=\"attachment-medium_large size-medium_large wp-image-353\" alt=\"valida\u00e7\u00e3o jur\u00eddica spedtotal\" srcset=\"https:\/\/php8.spedtotal.com.br\/wp-content\/uploads\/2026\/04\/validacao_juridica_spedtotal-768x512.png 768w, https:\/\/php8.spedtotal.com.br\/wp-content\/uploads\/2026\/04\/validacao_juridica_spedtotal-300x200.webp 300w, https:\/\/php8.spedtotal.com.br\/wp-content\/uploads\/2026\/04\/validacao_juridica_spedtotal-1024x683.png 1024w, https:\/\/php8.spedtotal.com.br\/wp-content\/uploads\/2026\/04\/validacao_juridica_spedtotal.webp 1536w\" sizes=\"(max-width: 768px) 100vw, 768px\" \/>\t\t\t\t\t\t\t\t\t\t\t\t\t\t\t<\/div>\n\t\t\t\t\t<\/div>\n\t\t\t\t<\/div>\n\t\t<div class=\"elementor-element elementor-element-c668772 e-flex e-con-boxed e-con e-parent\" data-id=\"c668772\" data-element_type=\"container\" data-e-type=\"container\">\n\t\t\t\t\t<div class=\"e-con-inner\">\n\t\t\t\t<div class=\"elementor-element elementor-element-b02b120 elementor-widget elementor-widget-text-editor\" data-id=\"b02b120\" data-element_type=\"widget\" data-e-type=\"widget\" data-widget_type=\"text-editor.default\">\n\t\t\t\t\t\t\t\t\t<h4 data-section-id=\"3288uh\" data-start=\"1009\" data-end=\"1038\"><strong><span style=\"color: #800000;\">O papel do ICP-Brasil<\/span><\/strong><\/h4><h6 data-start=\"1040\" data-end=\"1172\">No Brasil, a validade jur\u00eddica da assinatura digital \u00e9 garantida pela <strong data-start=\"1110\" data-end=\"1171\">Infraestrutura de Chaves P\u00fablicas Brasileira (ICP-Brasil)<\/strong>.<\/h6><h6 data-start=\"1174\" data-end=\"1369\">A <strong data-start=\"1176\" data-end=\"1233\">Medida Provis\u00f3ria n\u00ba 2.200-2, de 24 de agosto de 2001<\/strong>, instituiu esse sistema, estabelecendo o suporte legal para a certifica\u00e7\u00e3o digital baseada em criptografia, com o objetivo de garantir:<\/h6><ul data-start=\"1371\" data-end=\"1453\"><li data-section-id=\"7j4pzk\" data-start=\"1371\" data-end=\"1388\"><h6>Autenticidade<\/h6><\/li><li data-section-id=\"jbatqe\" data-start=\"1389\" data-end=\"1404\"><h6>Integridade<\/h6><\/li><li data-section-id=\"6lsmu4\" data-start=\"1405\" data-end=\"1453\"><h6>Validade jur\u00eddica dos documentos eletr\u00f4nicos<\/h6><\/li><\/ul><h6 data-start=\"1455\" data-end=\"1613\">Essa medida continua em vigor, conforme previsto no artigo 2\u00ba da Emenda Constitucional n\u00ba 32, de 11 de setembro de 2001.<\/h6><p>\u00a0<\/p><h4 data-section-id=\"1487ynq\" data-start=\"1620\" data-end=\"1659\"><strong><span style=\"color: #800000;\">O que diz a legisla\u00e7\u00e3o brasileira<\/span><\/strong><\/h4><h6 data-start=\"1661\" data-end=\"1715\">A pr\u00f3pria Medida Provis\u00f3ria n\u00ba 2.200-2 estabelece que:<\/h6><ul data-start=\"1717\" data-end=\"1886\"><li data-section-id=\"o4vp9f\" data-start=\"1717\" data-end=\"1793\"><h6>Documentos eletr\u00f4nicos t\u00eam o mesmo valor jur\u00eddico que documentos f\u00edsicos<\/h6><\/li><li data-section-id=\"1p1y09w\" data-start=\"1794\" data-end=\"1886\"><h6>Informa\u00e7\u00f5es assinadas digitalmente s\u00e3o presumidas verdadeiras em rela\u00e7\u00e3o aos signat\u00e1rios<\/h6><\/li><\/ul><h6 data-start=\"1888\" data-end=\"2079\">Al\u00e9m disso, mesmo com a atualiza\u00e7\u00e3o do C\u00f3digo Civil, o entendimento jur\u00eddico foi mantido, garantindo a continuidade da validade das assinaturas digitais.<\/h6><p>\u00a0<\/p><h4 data-section-id=\"6k6ea1\" data-start=\"2086\" data-end=\"2128\"><strong><span style=\"color: #800000;\">Garantia de integridade do documento<\/span><\/strong><\/h4><h6 data-start=\"2130\" data-end=\"2202\">Um documento assinado digitalmente possui um n\u00edvel elevado de seguran\u00e7a:<\/h6><ul data-start=\"2204\" data-end=\"2345\"><li data-section-id=\"r963op\" data-start=\"2204\" data-end=\"2258\"><h6>Qualquer altera\u00e7\u00e3o posterior invalida a assinatura<\/h6><\/li><li data-section-id=\"1el2xen\" data-start=\"2259\" data-end=\"2345\"><h6>Mesmo pequenas modifica\u00e7\u00f5es (como inser\u00e7\u00e3o de espa\u00e7os) tornam o documento inv\u00e1lido<\/h6><\/li><\/ul><h6 data-start=\"2347\" data-end=\"2483\">Isso garante que o conte\u00fado permane\u00e7a \u00edntegro ap\u00f3s a assinatura, refor\u00e7ando sua validade jur\u00eddica.<\/h6><p>\u00a0<\/p><h4 data-section-id=\"wlhz8h\" data-start=\"2490\" data-end=\"2518\"><strong><span style=\"color: #800000;\">Comprova\u00e7\u00e3o de autoria<\/span><\/strong><\/h4><h6 data-start=\"2520\" data-end=\"2565\">A certifica\u00e7\u00e3o digital permite comprovar que:<\/h6><ul data-start=\"2567\" data-end=\"2734\"><li data-section-id=\"gp1ybw\" data-start=\"2567\" data-end=\"2635\"><h6>Apenas o titular do certificado poderia ter assinado o documento<\/h6><\/li><li data-section-id=\"1u2up3e\" data-start=\"2636\" data-end=\"2734\"><h6>A entidade certificadora atua como uma esp\u00e9cie de \u201cnot\u00e1rio digital\u201d das transa\u00e7\u00f5es eletr\u00f4nicas<\/h6><\/li><\/ul><h6 data-start=\"2736\" data-end=\"2916\">Dessa forma, \u00e9 poss\u00edvel validar juridicamente contratos, acordos e outros documentos perante terceiros e at\u00e9 mesmo perante o Poder Judici\u00e1rio.<\/h6><p>\u00a0<\/p><h4 data-section-id=\"xw7nqx\" data-start=\"2923\" data-end=\"2963\"><span style=\"color: #800000;\"><strong>Validade dos contratos eletr\u00f4nicos<\/strong><\/span><\/h4><h6 data-start=\"2965\" data-end=\"3115\">Os contratos assinados digitalmente seguem os mesmos princ\u00edpios dos contratos tradicionais, sendo v\u00e1lidos desde que atendam \u00e0s condi\u00e7\u00f5es legais, como:<\/h6><ul data-start=\"3117\" data-end=\"3187\"><li data-section-id=\"z6ldaa\" data-start=\"3117\" data-end=\"3142\"><h6>Capacidade das partes<\/h6><\/li><li data-section-id=\"4d3gap\" data-start=\"3143\" data-end=\"3160\"><h6>Objeto l\u00edcito<\/h6><\/li><li data-section-id=\"5s5eq4\" data-start=\"3161\" data-end=\"3187\"><h6>Forma permitida em lei<\/h6><\/li><\/ul><h6 data-start=\"3189\" data-end=\"3305\">A principal diferen\u00e7a est\u00e1 apenas no meio utilizado: digital em vez de f\u00edsico.<\/h6><p>\u00a0<\/p><h4 data-section-id=\"1ioipu5\" data-start=\"3312\" data-end=\"3347\"><strong><span style=\"color: #800000;\">\u2696\ufe0f Aceita\u00e7\u00e3o como prova judicial<\/span><\/strong><\/h4><h6 data-start=\"3349\" data-end=\"3503\">O <strong data-start=\"3351\" data-end=\"3379\">C\u00f3digo de Processo Civil<\/strong> reconhece que documentos eletr\u00f4nicos podem ser utilizados como prova, desde que sejam obtidos por meios legais e leg\u00edtimos. Isso refor\u00e7a a aceita\u00e7\u00e3o jur\u00eddica das assinaturas digitais em processos judiciais.<\/h6><h4>\u00a0<\/h4><h4 data-section-id=\"18yk4qx\" data-start=\"3632\" data-end=\"3667\"><strong><span style=\"color: #800000;\">Processo judicial eletr\u00f4nico<\/span><\/strong><\/h4><h6 data-start=\"3669\" data-end=\"3822\">A <strong data-start=\"3671\" data-end=\"3715\">Lei n\u00ba 11.419, de 19 de dezembro de 2006<\/strong>, instituiu o processo judicial eletr\u00f4nico no Brasil, consolidando ainda mais o uso de documentos digitais.<\/h6><h6 data-start=\"3824\" data-end=\"3872\">Entre os avan\u00e7os trazidos pela lei, destacam-se:<\/h6><ul data-start=\"3874\" data-end=\"4083\"><li data-section-id=\"1qpdd3y\" data-start=\"3874\" data-end=\"3928\"><h6>Possibilidade de assinatura digital em procura\u00e7\u00f5es<\/h6><\/li><li data-section-id=\"3jnbb3\" data-start=\"3929\" data-end=\"3977\"><h6>Uso de meios eletr\u00f4nicos em atos processuais<\/h6><\/li><li data-section-id=\"1fwcdnm\" data-start=\"3978\" data-end=\"4083\"><h6>Valida\u00e7\u00e3o de documentos assinados digitalmente no \u00e2mbito judicial<\/h6><\/li><\/ul><p>\u00a0<\/p><h5 style=\"text-align: center;\"><span style=\"color: #800000;\"><strong>Resumindo, a certifica\u00e7\u00e3o digital \u00e9 a tecnologia que permite assinar digitalmente qualquer tipo de documento, conferindo-lhe a mesma validade jur\u00eddica dos equivalentes em papel, assegurando a autenticidade e integridade das informa\u00e7\u00f5es.<\/strong><\/span><\/h5><h6 data-start=\"4308\" data-end=\"4503\">\u00a0<\/h6><p>\u00a0<\/p>\t\t\t\t\t\t\t\t<\/div>\n\t\t\t\t\t<\/div>\n\t\t\t\t<\/div>\n\t\t\t\t<\/div>\n\t\t","protected":false},"excerpt":{"rendered":"<p>\u00a0 Documentos digitais t\u00eam validade jur\u00eddica? De nada adiantaria toda a tecnologia envolvida na certifica\u00e7\u00e3o digital se os documentos assinados eletronicamente n\u00e3o tivessem validade jur\u00eddica. No Brasil, essa quest\u00e3o j\u00e1 est\u00e1 resolvida: documentos assinados digitalmente possuem total respaldo legal. \u00a0 Seguran\u00e7a baseada em criptografia A confiabilidade da certifica\u00e7\u00e3o digital \u00e9 baseada em t\u00e9cnicas de criptografia, [&hellip;]<\/p>\n","protected":false},"author":2,"featured_media":0,"parent":0,"menu_order":0,"comment_status":"closed","ping_status":"closed","template":"","meta":{"footnotes":""},"class_list":["post-351","page","type-page","status-publish","hentry"],"_links":{"self":[{"href":"https:\/\/php8.spedtotal.com.br\/index.php?rest_route=\/wp\/v2\/pages\/351","targetHints":{"allow":["GET"]}}],"collection":[{"href":"https:\/\/php8.spedtotal.com.br\/index.php?rest_route=\/wp\/v2\/pages"}],"about":[{"href":"https:\/\/php8.spedtotal.com.br\/index.php?rest_route=\/wp\/v2\/types\/page"}],"author":[{"embeddable":true,"href":"https:\/\/php8.spedtotal.com.br\/index.php?rest_route=\/wp\/v2\/users\/2"}],"replies":[{"embeddable":true,"href":"https:\/\/php8.spedtotal.com.br\/index.php?rest_route=%2Fwp%2Fv2%2Fcomments&post=351"}],"version-history":[{"count":4,"href":"https:\/\/php8.spedtotal.com.br\/index.php?rest_route=\/wp\/v2\/pages\/351\/revisions"}],"predecessor-version":[{"id":356,"href":"https:\/\/php8.spedtotal.com.br\/index.php?rest_route=\/wp\/v2\/pages\/351\/revisions\/356"}],"wp:attachment":[{"href":"https:\/\/php8.spedtotal.com.br\/index.php?rest_route=%2Fwp%2Fv2%2Fmedia&parent=351"}],"curies":[{"name":"wp","href":"https:\/\/api.w.org\/{rel}","templated":true}]}}