{"id":342,"date":"2026-04-15T11:23:10","date_gmt":"2026-04-15T14:23:10","guid":{"rendered":"https:\/\/php8.spedtotal.com.br\/?page_id=342"},"modified":"2026-04-15T11:29:27","modified_gmt":"2026-04-15T14:29:27","slug":"emissao-de-certificado-digital","status":"publish","type":"page","link":"https:\/\/php8.spedtotal.com.br\/?page_id=342","title":{"rendered":"Emiss\u00e3o de Certificado Digital"},"content":{"rendered":"\t\t<div data-elementor-type=\"wp-page\" data-elementor-id=\"342\" class=\"elementor elementor-342\" data-elementor-post-type=\"page\">\n\t\t\t\t<div class=\"elementor-element elementor-element-0c8d8a9 e-flex e-con-boxed e-con e-parent\" data-id=\"0c8d8a9\" data-element_type=\"container\" data-e-type=\"container\">\n\t\t\t\t\t<div class=\"e-con-inner\">\n\t\t\t\t<div class=\"elementor-element elementor-element-b470b25 elementor-widget elementor-widget-image\" data-id=\"b470b25\" data-element_type=\"widget\" data-e-type=\"widget\" data-widget_type=\"image.default\">\n\t\t\t\t\t\t\t\t\t\t\t\t\t\t\t<img fetchpriority=\"high\" decoding=\"async\" width=\"768\" height=\"512\" src=\"https:\/\/php8.spedtotal.com.br\/wp-content\/uploads\/2026\/04\/emissaodecertificadodigital_spedtotal-768x512.png\" class=\"attachment-medium_large size-medium_large wp-image-345\" alt=\"\" srcset=\"https:\/\/php8.spedtotal.com.br\/wp-content\/uploads\/2026\/04\/emissaodecertificadodigital_spedtotal-768x512.png 768w, https:\/\/php8.spedtotal.com.br\/wp-content\/uploads\/2026\/04\/emissaodecertificadodigital_spedtotal-300x200.webp 300w, https:\/\/php8.spedtotal.com.br\/wp-content\/uploads\/2026\/04\/emissaodecertificadodigital_spedtotal-1024x683.webp 1024w, https:\/\/php8.spedtotal.com.br\/wp-content\/uploads\/2026\/04\/emissaodecertificadodigital_spedtotal.webp 1536w\" sizes=\"(max-width: 768px) 100vw, 768px\" \/>\t\t\t\t\t\t\t\t\t\t\t\t\t\t\t<\/div>\n\t\t\t\t<div class=\"elementor-element elementor-element-43729cd elementor-widget elementor-widget-text-editor\" data-id=\"43729cd\" data-element_type=\"widget\" data-e-type=\"widget\" data-widget_type=\"text-editor.default\">\n\t\t\t\t\t\t\t\t\t<h6 data-start=\"446\" data-end=\"594\">\u00a0<\/h6><h6 data-start=\"446\" data-end=\"594\">A Integral Sistemas realiza a emiss\u00e3o de Certificado Digital com hora marcada, garantindo praticidade, seguran\u00e7a e agilidade no atendimento.<\/h6><h6 data-start=\"596\" data-end=\"778\">Oferecemos um processo simples e eficiente para pessoas f\u00edsicas e jur\u00eddicas que precisam emitir ou renovar seu certificado digital com total conformidade com o padr\u00e3o ICP-Brasil.<\/h6><h6 data-start=\"596\" data-end=\"778\">\u00a0<\/h6><h4 data-section-id=\"539s7z\" data-start=\"785\" data-end=\"819\"><span style=\"color: #800000;\"><strong>Atendimento com hora marcada<\/strong><\/span><\/h4><h6 data-start=\"821\" data-end=\"901\">A emiss\u00e3o do certificado digital \u00e9 realizada com agendamento pr\u00e9vio, permitindo:<\/h6><ul data-start=\"903\" data-end=\"1009\"><li data-section-id=\"qi5p9k\" data-start=\"903\" data-end=\"937\"><h6>Atendimento r\u00e1pido e sem filas<\/h6><\/li><li data-section-id=\"1c5iemc\" data-start=\"938\" data-end=\"973\"><h6>Escolha do melhor dia e hor\u00e1rio<\/h6><\/li><li data-section-id=\"1di03dy\" data-start=\"974\" data-end=\"1009\"><h6>Maior comodidade para o cliente<\/h6><\/li><\/ul><div>\u00a0<\/div><h4 data-section-id=\"9ngbbf\" data-start=\"1016\" data-end=\"1055\"><span style=\"color: #800000;\"><strong>Presencial ou in loco<\/strong><\/span><\/h4><h6 data-start=\"1057\" data-end=\"1154\">A <strong data-start=\"1059\" data-end=\"1093\">Integral Sistemas vai at\u00e9 voc\u00ea<\/strong> para validar e emitir o seu Certificado Digital, oferecendo:<\/h6><ul data-start=\"1156\" data-end=\"1279\"><li data-section-id=\"1p3u0rr\" data-start=\"1156\" data-end=\"1203\"><h6>Atendimento nas depend\u00eancias da sua empresa<\/h6><\/li><li data-section-id=\"bhll9u\" data-start=\"1204\" data-end=\"1242\"><h6>Valida\u00e7\u00e3o presencial com seguran\u00e7a<\/h6><\/li><li data-section-id=\"dbdk5o\" data-start=\"1243\" data-end=\"1279\"><h6>Economia de tempo e deslocamento<\/h6><\/li><\/ul><div>\u00a0<\/div><h4 data-section-id=\"e8jjfv\" data-start=\"1286\" data-end=\"1321\"><span style=\"color: #800000;\"><strong>Seguran\u00e7a e validade jur\u00eddica<\/strong><\/span><\/h4><h6 data-start=\"1323\" data-end=\"1408\">Todo o processo de emiss\u00e3o segue os padr\u00f5es exigidos pela <strong data-start=\"1381\" data-end=\"1395\">ICP-Brasil<\/strong>, garantindo:<\/h6><ul data-start=\"1410\" data-end=\"1529\"><li data-section-id=\"1xzbroi\" data-start=\"1410\" data-end=\"1452\"><h6>Autenticidade da identidade do titular<\/h6><\/li><li data-section-id=\"18vluxw\" data-start=\"1453\" data-end=\"1484\"><h6>Integridade das informa\u00e7\u00f5es<\/h6><\/li><li data-section-id=\"12dmyen\" data-start=\"1485\" data-end=\"1529\"><h6>Validade jur\u00eddica do certificado digital<\/h6><\/li><\/ul><div>\u00a0<\/div><h4 data-section-id=\"1oktoio\" data-start=\"1536\" data-end=\"1560\"><span style=\"color: #800000;\"><strong>Agende sua emiss\u00e3o<\/strong><\/span><\/h4><h6 data-start=\"1562\" data-end=\"1632\">Para solicitar a emiss\u00e3o do seu Certificado Digital, entre em contato por telefone e Whatsapp:<\/h6><h6 data-start=\"1634\" data-end=\"1655\"><strong data-start=\"1637\" data-end=\"1655\"><img decoding=\"async\" class=\"emoji\" role=\"img\" draggable=\"false\" src=\"https:\/\/s.w.org\/images\/core\/emoji\/17.0.2\/svg\/1f449.svg\" alt=\"\ud83d\udc49\" \/> (11) 3205-6000<\/strong><\/h6><h6 data-start=\"1657\" data-end=\"1768\">Agende seu atendimento em nossas depend\u00eancias ou solicite emiss\u00e3o <strong data-start=\"1723\" data-end=\"1734\">in loco<\/strong>, com toda a seguran\u00e7a e garantia.<\/h6>\t\t\t\t\t\t\t\t<\/div>\n\t\t\t\t\t<\/div>\n\t\t\t\t<\/div>\n\t\t\t\t<\/div>\n\t\t","protected":false},"excerpt":{"rendered":"<p>\u00a0 A Integral Sistemas realiza a emiss\u00e3o de Certificado Digital com hora marcada, garantindo praticidade, seguran\u00e7a e agilidade no atendimento. Oferecemos um processo simples e eficiente para pessoas f\u00edsicas e jur\u00eddicas que precisam emitir ou renovar seu certificado digital com total conformidade com o padr\u00e3o ICP-Brasil. \u00a0 Atendimento com hora marcada A emiss\u00e3o do certificado [&hellip;]<\/p>\n","protected":false},"author":2,"featured_media":0,"parent":0,"menu_order":0,"comment_status":"closed","ping_status":"closed","template":"","meta":{"footnotes":""},"class_list":["post-342","page","type-page","status-publish","hentry"],"_links":{"self":[{"href":"https:\/\/php8.spedtotal.com.br\/index.php?rest_route=\/wp\/v2\/pages\/342","targetHints":{"allow":["GET"]}}],"collection":[{"href":"https:\/\/php8.spedtotal.com.br\/index.php?rest_route=\/wp\/v2\/pages"}],"about":[{"href":"https:\/\/php8.spedtotal.com.br\/index.php?rest_route=\/wp\/v2\/types\/page"}],"author":[{"embeddable":true,"href":"https:\/\/php8.spedtotal.com.br\/index.php?rest_route=\/wp\/v2\/users\/2"}],"replies":[{"embeddable":true,"href":"https:\/\/php8.spedtotal.com.br\/index.php?rest_route=%2Fwp%2Fv2%2Fcomments&post=342"}],"version-history":[{"count":5,"href":"https:\/\/php8.spedtotal.com.br\/index.php?rest_route=\/wp\/v2\/pages\/342\/revisions"}],"predecessor-version":[{"id":348,"href":"https:\/\/php8.spedtotal.com.br\/index.php?rest_route=\/wp\/v2\/pages\/342\/revisions\/348"}],"wp:attachment":[{"href":"https:\/\/php8.spedtotal.com.br\/index.php?rest_route=%2Fwp%2Fv2%2Fmedia&parent=342"}],"curies":[{"name":"wp","href":"https:\/\/api.w.org\/{rel}","templated":true}]}}