{"id":329,"date":"2026-04-08T14:15:08","date_gmt":"2026-04-08T17:15:08","guid":{"rendered":"https:\/\/php8.spedtotal.com.br\/?page_id=329"},"modified":"2026-04-08T14:26:02","modified_gmt":"2026-04-08T17:26:02","slug":"certificados-assinaturas","status":"publish","type":"page","link":"https:\/\/php8.spedtotal.com.br\/?page_id=329","title":{"rendered":"Certificados e Assinaturas"},"content":{"rendered":"\t\t<div data-elementor-type=\"wp-page\" data-elementor-id=\"329\" class=\"elementor elementor-329\" data-elementor-post-type=\"page\">\n\t\t\t\t<div class=\"elementor-element elementor-element-394f655 e-flex e-con-boxed e-con e-parent\" data-id=\"394f655\" data-element_type=\"container\" data-e-type=\"container\">\n\t\t\t\t\t<div class=\"e-con-inner\">\n\t\t\t\t<div class=\"elementor-element elementor-element-7183759 elementor-widget elementor-widget-text-editor\" data-id=\"7183759\" data-element_type=\"widget\" data-e-type=\"widget\" data-widget_type=\"text-editor.default\">\n\t\t\t\t\t\t\t\t\t<h4 data-section-id=\"1p4u780\" data-start=\"356\" data-end=\"390\"><span style=\"color: #800000;\"><strong>O que \u00e9 um Certificado Digital?<\/strong><\/span><\/h4><h6 data-start=\"392\" data-end=\"551\">De acordo com o site da Receita Federal, um Certificado Digital \u00e9 um arquivo eletr\u00f4nico que identifica o seu titular, seja pessoa f\u00edsica ou jur\u00eddica. Ou seja, trata-se de um documento eletr\u00f4nico de identidade, utilizado para garantir a autenticidade em transa\u00e7\u00f5es digitais.<\/h6><h6 data-start=\"682\" data-end=\"791\">As tecnologias envolvidas nos Certificados Digitais proporcionam um alto n\u00edvel de seguran\u00e7a, assegurando:<\/h6><ul data-start=\"793\" data-end=\"854\"><li data-section-id=\"1shje4e\" data-start=\"793\" data-end=\"820\"><h6>A identidade do titular<\/h6><\/li><li data-section-id=\"dxk0th\" data-start=\"821\" data-end=\"854\"><h6>A integridade das informa\u00e7\u00f5es<\/h6><\/li><\/ul>\t\t\t\t\t\t\t\t<\/div>\n\t\t\t\t\t<\/div>\n\t\t\t\t<\/div>\n\t\t<div class=\"elementor-element elementor-element-b173df1 e-flex e-con-boxed e-con e-parent\" data-id=\"b173df1\" data-element_type=\"container\" data-e-type=\"container\">\n\t\t\t\t\t<div class=\"e-con-inner\">\n\t\t\t\t<div class=\"elementor-element elementor-element-8f18155 elementor-widget elementor-widget-image\" data-id=\"8f18155\" data-element_type=\"widget\" data-e-type=\"widget\" data-widget_type=\"image.default\">\n\t\t\t\t\t\t\t\t\t\t\t\t\t\t\t<img fetchpriority=\"high\" decoding=\"async\" width=\"800\" height=\"450\" src=\"https:\/\/php8.spedtotal.com.br\/wp-content\/uploads\/2026\/04\/pg_certificados_assinaturas.webp\" class=\"attachment-large size-large wp-image-331\" alt=\"\" srcset=\"https:\/\/php8.spedtotal.com.br\/wp-content\/uploads\/2026\/04\/pg_certificados_assinaturas.webp 850w, https:\/\/php8.spedtotal.com.br\/wp-content\/uploads\/2026\/04\/pg_certificados_assinaturas-300x169.webp 300w, https:\/\/php8.spedtotal.com.br\/wp-content\/uploads\/2026\/04\/pg_certificados_assinaturas-768x432.webp 768w\" sizes=\"(max-width: 800px) 100vw, 800px\" \/>\t\t\t\t\t\t\t\t\t\t\t\t\t\t\t<\/div>\n\t\t\t\t\t<\/div>\n\t\t\t\t<\/div>\n\t\t<div class=\"elementor-element elementor-element-33a8567 e-flex e-con-boxed e-con e-parent\" data-id=\"33a8567\" data-element_type=\"container\" data-e-type=\"container\">\n\t\t\t\t\t<div class=\"e-con-inner\">\n\t\t\t\t<div class=\"elementor-element elementor-element-397255a elementor-widget elementor-widget-text-editor\" data-id=\"397255a\" data-element_type=\"widget\" data-e-type=\"widget\" data-widget_type=\"text-editor.default\">\n\t\t\t\t\t\t\t\t\t<h4 data-section-id=\"1p7daik\" data-start=\"861\" data-end=\"886\"><span style=\"color: #800000;\"><strong>O padr\u00e3o ICP-Brasil<\/strong><\/span><\/h4><h6 data-start=\"888\" data-end=\"1016\">O <strong>ICP-Brasil (Infraestrutura de Chaves P\u00fablicas Brasileira)<\/strong> \u00e9 o padr\u00e3o oficial adotado no Brasil para Certificados Digitais. A Medida Provis\u00f3ria n\u00ba 2.200-2, de 24 de agosto de 2001, instituiu o ICP-Brasil, fornecendo suporte legal para a certifica\u00e7\u00e3o digital baseada em t\u00e9cnicas de criptografia.<\/h6><h6 data-start=\"1194\" data-end=\"1214\">Esse modelo garante:<\/h6><ul data-start=\"1216\" data-end=\"1338\"><li data-section-id=\"13xc1ml\" data-start=\"1216\" data-end=\"1260\"><h6>Autenticidade dos documentos eletr\u00f4nicos<\/h6><\/li><li data-section-id=\"18vluxw\" data-start=\"1261\" data-end=\"1292\"><h6>Integridade das informa\u00e7\u00f5es<\/h6><\/li><li data-section-id=\"h7mlas\" data-start=\"1293\" data-end=\"1338\"><h6>Validade jur\u00eddica das transa\u00e7\u00f5es digitais<\/h6><\/li><\/ul><h6 data-start=\"1340\" data-end=\"1463\">Al\u00e9m disso, o ICP-Brasil permite o uso de padr\u00f5es internacionais de criptografia, j\u00e1 testados e aprovados em outros pa\u00edses.<\/h6><h6 data-section-id=\"byd6l6\" data-start=\"1465\" data-end=\"1514\"><span style=\"color: #800000;\"><strong>Tipos de armazenamento do Certificado Digital<\/strong><\/span><\/h6><h6 data-start=\"1516\" data-end=\"1572\">O ICP-Brasil tamb\u00e9m define os formatos de armazenamento:<\/h6><ul data-start=\"1574\" data-end=\"1653\"><li data-section-id=\"1jvfrea\" data-start=\"1574\" data-end=\"1594\"><h6>Arquivos PFX<\/h6><\/li><li data-section-id=\"psdl3q\" data-start=\"1595\" data-end=\"1614\"><h6>Smart Cards<\/h6><\/li><li data-section-id=\"1ia4r6v\" data-start=\"1615\" data-end=\"1653\"><h6>Tokens (dongles ou pen drives)<\/h6><\/li><\/ul><h6 data-start=\"1655\" data-end=\"1745\">Entre esses, os Smart Cards oferecem os mais altos n\u00edveis de seguran\u00e7a nas transa\u00e7\u00f5es.<\/h6><p>\u00a0<\/p><h4 data-section-id=\"aaz7o0\" data-start=\"1752\" data-end=\"1785\"><strong><span style=\"color: #800000;\">O que \u00e9 Assinatura Digital?<\/span><\/strong><\/h4><h6 data-start=\"1787\" data-end=\"1894\">Em transa\u00e7\u00f5es presenciais, \u00e9 comum exigir uma assinatura para comprovar a identidade das partes envolvidas. No ambiente digital, essa fun\u00e7\u00e3o \u00e9 exercida pelo Certificado Digital, permitindo validar a identidade do emissor e sua concord\u00e2ncia com o conte\u00fado do documento.<\/h6><h6 data-start=\"2062\" data-end=\"2291\">A Assinatura Digital pode ser entendida como um m\u00e9todo de autentica\u00e7\u00e3o de informa\u00e7\u00f5es eletr\u00f4nicas, equivalente \u00e0 assinatura em papel, garantindo que uma mensagem foi emitida por uma determinada pessoa, em uma data espec\u00edfica.<\/h6><h6 data-section-id=\"98e5eo\" data-start=\"2298\" data-end=\"2351\"><strong><span style=\"color: #800000;\">Como funciona a assinatura digital no SpedTotal:<\/span><\/strong><\/h6><h6 data-start=\"2353\" data-end=\"2483\">O processo de assinatura realizado pelo SpedTotal segue os princ\u00edpios fundamentais que garantem validade jur\u00eddica e seguran\u00e7a:<\/h6><ul data-start=\"2485\" data-end=\"3017\"><li data-section-id=\"pqqekf\" data-start=\"2485\" data-end=\"2612\"><h6><span style=\"color: #800000;\">Autoria. <\/span>Garante que o signat\u00e1rio \u00e9 realmente quem realizou a assinatura, por meio do uso do seu certificado digital<\/h6><\/li><li data-section-id=\"136538\" data-start=\"2614\" data-end=\"2752\"><h6><span style=\"color: #800000;\">Integridade. <\/span>Ap\u00f3s a assinatura, o documento n\u00e3o pode ser alterado. Qualquer modifica\u00e7\u00e3o invalida automaticamente as assinaturas<\/h6><\/li><li data-section-id=\"c2r5mx\" data-start=\"2754\" data-end=\"2924\"><h6><span style=\"color: #800000;\">Tempestividade. <\/span>A data e hora s\u00e3o obtidas via internet, por meio de uma fonte confi\u00e1vel, garantindo precis\u00e3o mesmo que o rel\u00f3gio do computador esteja incorreto<\/h6><\/li><li data-section-id=\"sogdpf\" data-start=\"2926\" data-end=\"3017\"><h6><span style=\"color: #800000;\">Irretratabilidade. <\/span>O emissor n\u00e3o pode negar a autenticidade da mensagem assinada<\/h6><\/li><\/ul><p>\u00a0<\/p><h4 data-section-id=\"xmg9v3\" data-start=\"3024\" data-end=\"3069\"><strong><span style=\"color: #800000;\">\u2696\ufe0f Validade jur\u00eddica da assinatura digital<\/span><\/strong><\/h4><h6 data-start=\"3071\" data-end=\"3158\"><strong><span style=\"color: #000000;\">De acordo com a Medida Provis\u00f3ria n\u00ba 2.200-2, a assinatura digital pode substituir:<\/span><\/strong><\/h6><ul data-start=\"3160\" data-end=\"3248\"><li data-section-id=\"1u70dmm\" data-start=\"3160\" data-end=\"3206\"><h6>A assinatura f\u00edsica (realizada com caneta)<\/h6><\/li><li data-section-id=\"1ll4j9v\" data-start=\"3207\" data-end=\"3248\"><h6>O reconhecimento de firma em cart\u00f3rio<\/h6><\/li><\/ul><h4 data-section-id=\"gdn6js\" data-start=\"3255\" data-end=\"3298\">\u00a0<\/h4><h4 data-section-id=\"gdn6js\" data-start=\"3255\" data-end=\"3298\"><strong><span style=\"color: #800000;\">Principais usos da assinatura digital<\/span><\/strong><\/h4><h6 data-start=\"3300\" data-end=\"3388\">A assinatura digital pode ser utilizada em diversos tipos de documentos e acordos, como:<\/h6><ul data-start=\"3390\" data-end=\"3718\"><li data-section-id=\"1dm80ay\" data-start=\"3390\" data-end=\"3472\"><h6>Contratos de compra e venda (im\u00f3veis, produtos, equipamentos, mat\u00e9rias-primas)<\/h6><\/li><li data-section-id=\"15gfe6b\" data-start=\"3473\" data-end=\"3502\"><h6>Contratos de fornecimento<\/h6><\/li><li data-section-id=\"n64n9o\" data-start=\"3503\" data-end=\"3526\"><h6>Contratos de c\u00e2mbio<\/h6><\/li><li data-section-id=\"14b9tct\" data-start=\"3527\" data-end=\"3562\"><h6>Processos e aprova\u00e7\u00f5es internas<\/h6><\/li><li data-section-id=\"ha17vw\" data-start=\"3563\" data-end=\"3598\"><h6>Contratos de est\u00e1gio e trabalho<\/h6><\/li><li data-section-id=\"1k6ry03\" data-start=\"3599\" data-end=\"3718\"><h6>Contratos de presta\u00e7\u00e3o de servi\u00e7os (assist\u00eancia t\u00e9cnica, transporte, ensino, seguros, sa\u00fade, turismo, entre outros)<\/h6><\/li><\/ul><h6 data-start=\"3720\" data-end=\"3818\"><span style=\"color: #800000;\">De forma geral, qualquer acordo que necessite de validade jur\u00eddica pode ser assinado digitalmente.<\/span><\/h6><p>\u00a0<\/p><h6>\u00a0<\/h6>\t\t\t\t\t\t\t\t<\/div>\n\t\t\t\t\t<\/div>\n\t\t\t\t<\/div>\n\t\t\t\t<\/div>\n\t\t","protected":false},"excerpt":{"rendered":"<p>O que \u00e9 um Certificado Digital? De acordo com o site da Receita Federal, um Certificado Digital \u00e9 um arquivo eletr\u00f4nico que identifica o seu titular, seja pessoa f\u00edsica ou jur\u00eddica. Ou seja, trata-se de um documento eletr\u00f4nico de identidade, utilizado para garantir a autenticidade em transa\u00e7\u00f5es digitais. As tecnologias envolvidas nos Certificados Digitais proporcionam [&hellip;]<\/p>\n","protected":false},"author":2,"featured_media":0,"parent":0,"menu_order":0,"comment_status":"closed","ping_status":"closed","template":"","meta":{"footnotes":""},"class_list":["post-329","page","type-page","status-publish","hentry"],"_links":{"self":[{"href":"https:\/\/php8.spedtotal.com.br\/index.php?rest_route=\/wp\/v2\/pages\/329","targetHints":{"allow":["GET"]}}],"collection":[{"href":"https:\/\/php8.spedtotal.com.br\/index.php?rest_route=\/wp\/v2\/pages"}],"about":[{"href":"https:\/\/php8.spedtotal.com.br\/index.php?rest_route=\/wp\/v2\/types\/page"}],"author":[{"embeddable":true,"href":"https:\/\/php8.spedtotal.com.br\/index.php?rest_route=\/wp\/v2\/users\/2"}],"replies":[{"embeddable":true,"href":"https:\/\/php8.spedtotal.com.br\/index.php?rest_route=%2Fwp%2Fv2%2Fcomments&post=329"}],"version-history":[{"count":5,"href":"https:\/\/php8.spedtotal.com.br\/index.php?rest_route=\/wp\/v2\/pages\/329\/revisions"}],"predecessor-version":[{"id":335,"href":"https:\/\/php8.spedtotal.com.br\/index.php?rest_route=\/wp\/v2\/pages\/329\/revisions\/335"}],"wp:attachment":[{"href":"https:\/\/php8.spedtotal.com.br\/index.php?rest_route=%2Fwp%2Fv2%2Fmedia&parent=329"}],"curies":[{"name":"wp","href":"https:\/\/api.w.org\/{rel}","templated":true}]}}