{"id":319,"date":"2026-04-01T13:17:56","date_gmt":"2026-04-01T16:17:56","guid":{"rendered":"https:\/\/php8.spedtotal.com.br\/?page_id=319"},"modified":"2026-04-01T13:40:21","modified_gmt":"2026-04-01T16:40:21","slug":"quem-desenvolve","status":"publish","type":"page","link":"https:\/\/php8.spedtotal.com.br\/?page_id=319","title":{"rendered":"Quem desenvolve?"},"content":{"rendered":"\t\t<div data-elementor-type=\"wp-page\" data-elementor-id=\"319\" class=\"elementor elementor-319\" data-elementor-post-type=\"page\">\n\t\t\t\t<div class=\"elementor-element elementor-element-ac9c3ca e-flex e-con-boxed e-con e-parent\" data-id=\"ac9c3ca\" data-element_type=\"container\" data-e-type=\"container\">\n\t\t\t\t\t<div class=\"e-con-inner\">\n\t\t\t\t<div class=\"elementor-element elementor-element-dbe161b elementor-widget elementor-widget-text-editor\" data-id=\"dbe161b\" data-element_type=\"widget\" data-e-type=\"widget\" data-widget_type=\"text-editor.default\">\n\t\t\t\t\t\t\t\t\t<h6 data-start=\"227\" data-end=\"481\">O <span style=\"color: #800000;\"><strong data-start=\"229\" data-end=\"242\">SpedTotal<\/strong><\/span> \u00e9 desenvolvido pela <strong data-start=\"263\" data-end=\"284\">Integral Sistemas<\/strong>, uma empresa brasileira fundada em <span style=\"color: #800000;\"><strong data-start=\"320\" data-end=\"328\">1988<\/strong><\/span>, com mais de <strong data-start=\"342\" data-end=\"480\">35 anos de experi\u00eancia em desenvolvimento de software, integra\u00e7\u00e3o de sistemas e solu\u00e7\u00f5es tecnol\u00f3gicas para gest\u00e3o empresarial e fiscal<\/strong>.Ao longo de sua trajet\u00f3ria, a Integral Sistemas consolidou-se como uma especialista em projetos de alta complexidade, entregando solu\u00e7\u00f5es robustas, seguras e alinhadas \u00e0s exig\u00eancias da legisla\u00e7\u00e3o brasileira, especialmente em ambientes que demandam alta confiabilidade e integra\u00e7\u00e3o com \u00f3rg\u00e3os governamentais.<\/h6>\t\t\t\t\t\t\t\t<\/div>\n\t\t\t\t\t<\/div>\n\t\t\t\t<\/div>\n\t\t<div class=\"elementor-element elementor-element-25923c6 e-flex e-con-boxed e-con e-parent\" data-id=\"25923c6\" data-element_type=\"container\" data-e-type=\"container\">\n\t\t\t\t\t<div class=\"e-con-inner\">\n\t\t\t\t<div class=\"elementor-element elementor-element-2fc2699 elementor-widget elementor-widget-image\" data-id=\"2fc2699\" data-element_type=\"widget\" data-e-type=\"widget\" data-widget_type=\"image.default\">\n\t\t\t\t\t\t\t\t\t\t\t\t\t\t\t<img fetchpriority=\"high\" decoding=\"async\" width=\"768\" height=\"150\" src=\"https:\/\/php8.spedtotal.com.br\/wp-content\/uploads\/2026\/03\/integral_Logo01_Invert_logobrancoelaranja-768x150.webp\" class=\"attachment-medium_large size-medium_large wp-image-247\" alt=\"\" srcset=\"https:\/\/php8.spedtotal.com.br\/wp-content\/uploads\/2026\/03\/integral_Logo01_Invert_logobrancoelaranja-768x150.webp 768w, https:\/\/php8.spedtotal.com.br\/wp-content\/uploads\/2026\/03\/integral_Logo01_Invert_logobrancoelaranja-300x58.webp 300w, https:\/\/php8.spedtotal.com.br\/wp-content\/uploads\/2026\/03\/integral_Logo01_Invert_logobrancoelaranja-1024x200.webp 1024w, https:\/\/php8.spedtotal.com.br\/wp-content\/uploads\/2026\/03\/integral_Logo01_Invert_logobrancoelaranja-1536x299.webp 1536w, https:\/\/php8.spedtotal.com.br\/wp-content\/uploads\/2026\/03\/integral_Logo01_Invert_logobrancoelaranja.webp 1754w\" sizes=\"(max-width: 768px) 100vw, 768px\" \/>\t\t\t\t\t\t\t\t\t\t\t\t\t\t\t<\/div>\n\t\t\t\t\t<\/div>\n\t\t\t\t<\/div>\n\t\t<div class=\"elementor-element elementor-element-6e705d0 e-flex e-con-boxed e-con e-parent\" data-id=\"6e705d0\" data-element_type=\"container\" data-e-type=\"container\">\n\t\t\t\t\t<div class=\"e-con-inner\">\n\t\t\t\t<div class=\"elementor-element elementor-element-4572758 elementor-widget elementor-widget-text-editor\" data-id=\"4572758\" data-element_type=\"widget\" data-e-type=\"widget\" data-widget_type=\"text-editor.default\">\n\t\t\t\t\t\t\t\t\t<h4><span style=\"color: #800000;\">\u00a0<\/span><\/h4><h4><span style=\"color: #800000; font-family: inherit; font-size: 1.5rem;\">Especialista em integra\u00e7\u00e3o e tecnologia fiscal<\/span><\/h4><h6 data-start=\"851\" data-end=\"1021\">A <strong data-start=\"853\" data-end=\"874\">Integral Sistemas<\/strong> atua no desenvolvimento de solu\u00e7\u00f5es que conectam sistemas, automatizam processos e aumentam a efici\u00eancia operacional de empresas em todo o Brasil.<\/h6><h6 data-start=\"1023\" data-end=\"1075\">Entre suas principais \u00e1reas de atua\u00e7\u00e3o, destacam-se:<\/h6><ul data-start=\"1077\" data-end=\"1402\"><li data-section-id=\"wl0x5y\" data-start=\"1077\" data-end=\"1122\"><h6>Consultoria em <strong data-start=\"1094\" data-end=\"1120\">integra\u00e7\u00e3o de sistemas<\/strong><\/h6><\/li><li data-section-id=\"wl0x5y\" data-start=\"1077\" data-end=\"1122\"><h6>Infraestrutura de <strong data-start=\"1143\" data-end=\"1158\">Data Center<\/strong><\/h6><\/li><li data-section-id=\"sjmira\" data-start=\"1161\" data-end=\"1207\"><h6><strong data-start=\"1163\" data-end=\"1205\">Desenvolvimento de software sob medida<\/strong><\/h6><\/li><li data-section-id=\"1ilaast\" data-start=\"1208\" data-end=\"1254\"><h6><strong data-start=\"1210\" data-end=\"1252\">Gest\u00e3o e otimiza\u00e7\u00e3o de bancos de dados<\/strong><\/h6><\/li><li data-section-id=\"1px8utv\" data-start=\"1255\" data-end=\"1295\"><h6>Solu\u00e7\u00f5es para <strong data-start=\"1271\" data-end=\"1293\">NF-e, NFS-e e SPED<\/strong><\/h6><\/li><li data-section-id=\"mcfo9x\" data-start=\"1296\" data-end=\"1348\"><h6><strong data-start=\"1298\" data-end=\"1346\">GED (Gerenciamento Eletr\u00f4nico de Documentos)<\/strong><\/h6><\/li><li data-section-id=\"419cs8\" data-start=\"1349\" data-end=\"1402\"><h6>Sistemas de rastreamento e localiza\u00e7\u00e3o (<strong data-start=\"1391\" data-end=\"1399\">RTLS<\/strong>)<\/h6><\/li><\/ul><div>\u00a0<\/div><h4><span style=\"color: #800000;\">Experi\u00eancia em projetos de grande escala<\/span><\/h4><h6 data-start=\"1459\" data-end=\"1745\">A Integral Sistemas possui atua\u00e7\u00e3o consolidada em projetos cr\u00edticos e de grande porte, incluindo solu\u00e7\u00f5es voltadas \u00e0 <strong data-start=\"1576\" data-end=\"1609\">Previd\u00eancia Social brasileira<\/strong>, com participa\u00e7\u00e3o em iniciativas realizadas em parceria com a <strong data-start=\"1672\" data-end=\"1684\">DataPrev<\/strong>, empresa p\u00fablica de tecnologia vinculada ao Governo Federal.<\/h6><h6 data-start=\"1747\" data-end=\"1807\">Essa experi\u00eancia demonstra capacidade t\u00e9cnica para atuar em:<\/h6><ul data-start=\"1809\" data-end=\"1944\"><li data-section-id=\"1ev3hsp\" data-start=\"1809\" data-end=\"1842\"><h6>Ambientes altamente regulados<\/h6><\/li><li data-section-id=\"1by5goo\" data-start=\"1843\" data-end=\"1894\"><h6>Integra\u00e7\u00f5es com \u00f3rg\u00e3os fiscais e governamentais<\/h6><\/li><li data-section-id=\"tp043j\" data-start=\"1895\" data-end=\"1944\"><h6>Grandes volumes de dados e opera\u00e7\u00f5es cr\u00edticas<\/h6><\/li><\/ul><div>\u00a0<\/div><h4 data-section-id=\"1xlgfeb\" data-start=\"1951\" data-end=\"1978\"><span style=\"color: #800000;\">Atua\u00e7\u00e3o internacional<\/span><\/h4><h6 data-start=\"1980\" data-end=\"2169\">A empresa tamb\u00e9m participou do co-desenvolvimento do <strong data-start=\"2033\" data-end=\"2079\">Sistema de Seguridade Social de Mo\u00e7ambique<\/strong>, ampliando sua presen\u00e7a em projetos internacionais de grande relev\u00e2ncia e impacto social.<\/h6><h6 data-start=\"1980\" data-end=\"2169\">\u00a0<\/h6><h4 data-section-id=\"tgcu5f\" data-start=\"2176\" data-end=\"2214\">\u00a0<span style=\"color: #800000; font-family: inherit; font-size: 1.5rem;\">N\u00fameros que refor\u00e7am a confian\u00e7a<\/span><\/h4><ul data-start=\"2216\" data-end=\"2441\"><li data-section-id=\"j7ci1h\" data-start=\"2216\" data-end=\"2239\"><h6><strong data-start=\"2218\" data-end=\"2237\">Fundada em 1988<\/strong><\/h6><\/li><li data-section-id=\"5mrg2k\" data-start=\"2240\" data-end=\"2285\"><h6><strong data-start=\"2242\" data-end=\"2283\">+35 anos de experi\u00eancia em tecnologia<\/strong><\/h6><\/li><li data-section-id=\"1ty7tw4\" data-start=\"2286\" data-end=\"2335\"><h6>Atua\u00e7\u00e3o em projetos cr\u00edticos e governamentais<\/h6><\/li><li data-section-id=\"1b7g9fx\" data-start=\"2336\" data-end=\"2403\"><h6>Especializa\u00e7\u00e3o em <strong data-start=\"2356\" data-end=\"2401\">integra\u00e7\u00e3o de sistemas e automa\u00e7\u00e3o fiscal<\/strong><\/h6><\/li><li data-section-id=\"1ht1lg0\" data-start=\"2404\" data-end=\"2441\"><h6>Presen\u00e7a nacional e internacional<\/h6><\/li><\/ul><p>\u00a0<\/p><h4><span style=\"color: #800000;\">Por que isso importa para sua empresa?<\/span><\/h4><h6>Ao escolher o <span style=\"color: #800000;\"><strong data-start=\"2886\" data-end=\"2899\">SpedTotal<\/strong><\/span>, sua empresa conta com uma solu\u00e7\u00e3o desenvolvida por uma organiza\u00e7\u00e3o s\u00f3lida, com d\u00e9cadas de experi\u00eancia em <strong data-start=\"3006\" data-end=\"3093\">integra\u00e7\u00e3o de sistemas, automa\u00e7\u00e3o fiscal e conformidade com a legisla\u00e7\u00e3o brasileira<\/strong>. Isso garante mais seguran\u00e7a, estabilidade e confian\u00e7a para suas opera\u00e7\u00f5es fiscais, reduzindo riscos e aumentando a efici\u00eancia dos seus processos.<\/h6><p>\u00a0<\/p><h4 data-section-id=\"zh6ykm\" data-start=\"3472\" data-end=\"3514\"><span style=\"color: #800000;\">Saiba mais sobre a Integral Sistemas:<\/span> <a href=\"https:\/\/www.integral.com.br\"><span style=\"color: #000000;\">\u00a0www.integral.com.br<\/span><\/a><\/h4>\t\t\t\t\t\t\t\t<\/div>\n\t\t\t\t\t<\/div>\n\t\t\t\t<\/div>\n\t\t\t\t<\/div>\n\t\t","protected":false},"excerpt":{"rendered":"<p>O SpedTotal \u00e9 desenvolvido pela Integral Sistemas, uma empresa brasileira fundada em 1988, com mais de 35 anos de experi\u00eancia em desenvolvimento de software, integra\u00e7\u00e3o de sistemas e solu\u00e7\u00f5es tecnol\u00f3gicas para gest\u00e3o empresarial e fiscal.Ao longo de sua trajet\u00f3ria, a Integral Sistemas consolidou-se como uma especialista em projetos de alta complexidade, entregando solu\u00e7\u00f5es robustas, seguras [&hellip;]<\/p>\n","protected":false},"author":2,"featured_media":0,"parent":0,"menu_order":0,"comment_status":"closed","ping_status":"closed","template":"","meta":{"footnotes":""},"class_list":["post-319","page","type-page","status-publish","hentry"],"_links":{"self":[{"href":"https:\/\/php8.spedtotal.com.br\/index.php?rest_route=\/wp\/v2\/pages\/319","targetHints":{"allow":["GET"]}}],"collection":[{"href":"https:\/\/php8.spedtotal.com.br\/index.php?rest_route=\/wp\/v2\/pages"}],"about":[{"href":"https:\/\/php8.spedtotal.com.br\/index.php?rest_route=\/wp\/v2\/types\/page"}],"author":[{"embeddable":true,"href":"https:\/\/php8.spedtotal.com.br\/index.php?rest_route=\/wp\/v2\/users\/2"}],"replies":[{"embeddable":true,"href":"https:\/\/php8.spedtotal.com.br\/index.php?rest_route=%2Fwp%2Fv2%2Fcomments&post=319"}],"version-history":[{"count":7,"href":"https:\/\/php8.spedtotal.com.br\/index.php?rest_route=\/wp\/v2\/pages\/319\/revisions"}],"predecessor-version":[{"id":327,"href":"https:\/\/php8.spedtotal.com.br\/index.php?rest_route=\/wp\/v2\/pages\/319\/revisions\/327"}],"wp:attachment":[{"href":"https:\/\/php8.spedtotal.com.br\/index.php?rest_route=%2Fwp%2Fv2%2Fmedia&parent=319"}],"curies":[{"name":"wp","href":"https:\/\/api.w.org\/{rel}","templated":true}]}}