{"id":307,"date":"2026-04-01T13:11:43","date_gmt":"2026-04-01T16:11:43","guid":{"rendered":"https:\/\/php8.spedtotal.com.br\/?page_id=307"},"modified":"2026-04-01T13:17:19","modified_gmt":"2026-04-01T16:17:19","slug":"principais-funcionalidades","status":"publish","type":"page","link":"https:\/\/php8.spedtotal.com.br\/?page_id=307","title":{"rendered":"Principais Funcionalidades"},"content":{"rendered":"\t\t<div data-elementor-type=\"wp-page\" data-elementor-id=\"307\" class=\"elementor elementor-307\" data-elementor-post-type=\"page\">\n\t\t\t\t<div class=\"elementor-element elementor-element-c8a0e6c e-flex e-con-boxed e-con e-parent\" data-id=\"c8a0e6c\" data-element_type=\"container\" data-e-type=\"container\">\n\t\t\t\t\t<div class=\"e-con-inner\">\n\t\t\t\t<div class=\"elementor-element elementor-element-7e0c4d3 elementor-widget elementor-widget-text-editor\" data-id=\"7e0c4d3\" data-element_type=\"widget\" data-e-type=\"widget\" data-widget_type=\"text-editor.default\">\n\t\t\t\t\t\t\t\t\t<h4>&nbsp;<\/h4>\n<h4><strong><span style=\"color: #800000;\">Integre seu ERP ao SEFAZ e automatize NF-e e NFS-e com seguran\u00e7a, rapidez e total conformidade fiscal<\/span><\/strong><\/h4>\n<h6>O <span style=\"color: #800000;\"><strong data-start=\"570\" data-end=\"583\">SpedTotal<\/strong><\/span> \u00e9 uma solu\u00e7\u00e3o de gest\u00e3o fiscal desenvolvida para proporcionar uma integra\u00e7\u00e3o r\u00e1pida e eficiente com qualquer sistema ERP, reduzindo o tempo de implementa\u00e7\u00e3o e simplificando a comunica\u00e7\u00e3o com <strong data-start=\"775\" data-end=\"798\">SEFAZ e Prefeituras<\/strong>.<\/h6>\n<h6>Sua arquitetura flex\u00edvel permite adapta\u00e7\u00e3o a diferentes ambientes tecnol\u00f3gicos, garantindo seguran\u00e7a, escalabilidade e alta disponibilidade em nuvem.<\/h6><h6><br><\/h6>\n<h4><span style=\"color: #800000;\"><b>Facilidades do SpedTotal<\/b><\/span><\/h4>\n<h6>O SpedTotal oferece diversos recursos para facilitar a integra\u00e7\u00e3o e opera\u00e7\u00e3o:<\/h6>\n<ul data-start=\"1065\" data-end=\"1600\">\n<li data-section-id=\"zea26e\" data-start=\"1065\" data-end=\"1111\">\n<h6>Integra\u00e7\u00e3o r\u00e1pida com qualquer sistema ERP<\/h6>\n<\/li>\n<\/ul>\n<ul data-start=\"1065\" data-end=\"1600\">\n<li data-section-id=\"gi2rtu\" data-start=\"1112\" data-end=\"1200\">\n<h6>Compatibilidade com m\u00faltiplas linguagens como <strong data-start=\"1160\" data-end=\"1198\">Delphi, VB, Java, C#, PHP e Python<\/strong><\/h6>\n<\/li>\n<\/ul>\n<ul data-start=\"1065\" data-end=\"1600\">\n<li data-section-id=\"92zj6l\" data-start=\"1201\" data-end=\"1254\">\n<h6>Comunica\u00e7\u00e3o via Webservices ou componente Windows<\/h6>\n<\/li>\n<\/ul>\n<ul data-start=\"1065\" data-end=\"1600\">\n<li data-section-id=\"exxk40\" data-start=\"1255\" data-end=\"1318\">\n<h6>Comunica\u00e7\u00e3o segura com uso de <strong data-start=\"1287\" data-end=\"1316\">SSL e certificado digital<\/strong><\/h6>\n<\/li>\n<\/ul>\n<ul data-start=\"1065\" data-end=\"1600\">\n<li data-section-id=\"ickmog\" data-start=\"1319\" data-end=\"1381\">\n<h6>Valida\u00e7\u00e3o, assinatura e envio autom\u00e1tico de XML para SEFAZ<\/h6>\n<\/li>\n<\/ul>\n<ul data-start=\"1065\" data-end=\"1600\">\n<li data-section-id=\"8jocrp\" data-start=\"1382\" data-end=\"1435\">\n<h6>Infraestrutura em <strong data-start=\"1402\" data-end=\"1433\">Cloud 24&#215;7 com conting\u00eancia<\/strong><\/h6>\n<\/li>\n<\/ul>\n<ul data-start=\"1065\" data-end=\"1600\">\n<li data-section-id=\"1bphko4\" data-start=\"1436\" data-end=\"1476\">\n<h6>Baixo custo de integra\u00e7\u00e3o e opera\u00e7\u00e3o<\/h6>\n<\/li>\n<\/ul>\n<ul data-start=\"1065\" data-end=\"1600\">\n<li data-section-id=\"10jcwfo\" data-start=\"1477\" data-end=\"1545\">\n<h6>Monitoramento com hist\u00f3rico e status dos processos em tempo real<\/h6>\n<\/li>\n<\/ul>\n<ul data-start=\"1065\" data-end=\"1600\">\n<li data-section-id=\"f2q35j\" data-start=\"1546\" data-end=\"1600\">\n<h6>Atualiza\u00e7\u00e3o constante conforme a legisla\u00e7\u00e3o fiscal<\/h6>\n<\/li>\n<\/ul>\n<div>&nbsp;<\/div>\n<h4 data-section-id=\"172lrnl\" data-start=\"2045\" data-end=\"2085\"><strong><span style=\"color: #800000;\">Gest\u00e3o completa de NFS-e\/NF-e junto \u00e0 SEFAZ<\/span><\/strong><\/h4>\n<h6>O SpedTotal tamb\u00e9m oferece recursos completos para gest\u00e3o fiscal junto \u00e0 SEFAZ:<\/h6>\n<ul data-start=\"2168\" data-end=\"2330\">\n<li data-section-id=\"pxmrb6\" data-start=\"2168\" data-end=\"2213\">\n<h6>Consulta da situa\u00e7\u00e3o fiscal em tempo real<\/h6>\n<\/li>\n<li data-section-id=\"13e6scz\" data-start=\"2214\" data-end=\"2238\">\n<h6>Cancelamento de NFS-e \/ NF-e<\/h6>\n<\/li>\n<\/ul>\n<ul data-start=\"2168\" data-end=\"2330\">\n<li data-section-id=\"j11lt0\" data-start=\"2239\" data-end=\"2290\">\n<h6>Inutiliza\u00e7\u00e3o de numera\u00e7\u00e3o (unit\u00e1ria ou em lote)<\/h6>\n<\/li>\n<\/ul>\n<ul data-start=\"2168\" data-end=\"2330\">\n<li data-section-id=\"y0av9n\" data-start=\"2291\" data-end=\"2330\">\n<h6>Emiss\u00e3o de Carta de Corre\u00e7\u00e3o (CC-e)<\/h6>\n<\/li>\n<\/ul>\n<h6><span style=\"color: #800000;\">O SpedTotal \u00e9 uma solu\u00e7\u00e3o completa para empresas que buscam automa\u00e7\u00e3o fiscal, integra\u00e7\u00e3o com ERP e total conformidade com a legisla\u00e7\u00e3o brasileira.<\/span><\/h6>\t\t\t\t\t\t\t\t<\/div>\n\t\t\t\t\t<\/div>\n\t\t\t\t<\/div>\n\t\t\t\t<\/div>\n\t\t","protected":false},"excerpt":{"rendered":"<p>&nbsp; Integre seu ERP ao SEFAZ e automatize NF-e e NFS-e com seguran\u00e7a, rapidez e total conformidade fiscal O SpedTotal \u00e9 uma solu\u00e7\u00e3o de gest\u00e3o fiscal desenvolvida para proporcionar uma integra\u00e7\u00e3o r\u00e1pida e eficiente com qualquer sistema ERP, reduzindo o tempo de implementa\u00e7\u00e3o e simplificando a comunica\u00e7\u00e3o com SEFAZ e Prefeituras. Sua arquitetura flex\u00edvel permite [&hellip;]<\/p>\n","protected":false},"author":2,"featured_media":0,"parent":0,"menu_order":0,"comment_status":"closed","ping_status":"closed","template":"","meta":{"footnotes":""},"class_list":["post-307","page","type-page","status-publish","hentry"],"_links":{"self":[{"href":"https:\/\/php8.spedtotal.com.br\/index.php?rest_route=\/wp\/v2\/pages\/307","targetHints":{"allow":["GET"]}}],"collection":[{"href":"https:\/\/php8.spedtotal.com.br\/index.php?rest_route=\/wp\/v2\/pages"}],"about":[{"href":"https:\/\/php8.spedtotal.com.br\/index.php?rest_route=\/wp\/v2\/types\/page"}],"author":[{"embeddable":true,"href":"https:\/\/php8.spedtotal.com.br\/index.php?rest_route=\/wp\/v2\/users\/2"}],"replies":[{"embeddable":true,"href":"https:\/\/php8.spedtotal.com.br\/index.php?rest_route=%2Fwp%2Fv2%2Fcomments&post=307"}],"version-history":[{"count":10,"href":"https:\/\/php8.spedtotal.com.br\/index.php?rest_route=\/wp\/v2\/pages\/307\/revisions"}],"predecessor-version":[{"id":318,"href":"https:\/\/php8.spedtotal.com.br\/index.php?rest_route=\/wp\/v2\/pages\/307\/revisions\/318"}],"wp:attachment":[{"href":"https:\/\/php8.spedtotal.com.br\/index.php?rest_route=%2Fwp%2Fv2%2Fmedia&parent=307"}],"curies":[{"name":"wp","href":"https:\/\/api.w.org\/{rel}","templated":true}]}}