{"id":285,"date":"2026-04-01T12:34:58","date_gmt":"2026-04-01T15:34:58","guid":{"rendered":"https:\/\/php8.spedtotal.com.br\/?page_id=285"},"modified":"2026-04-01T12:39:59","modified_gmt":"2026-04-01T15:39:59","slug":"interface-simplificada","status":"publish","type":"page","link":"https:\/\/php8.spedtotal.com.br\/?page_id=285","title":{"rendered":"Interface Simplificada"},"content":{"rendered":"\t\t<div data-elementor-type=\"wp-page\" data-elementor-id=\"285\" class=\"elementor elementor-285\" data-elementor-post-type=\"page\">\n\t\t\t\t<div class=\"elementor-element elementor-element-7a89315 e-flex e-con-boxed e-con e-parent\" data-id=\"7a89315\" data-element_type=\"container\" data-e-type=\"container\">\n\t\t\t\t\t<div class=\"e-con-inner\">\n\t\t\t\t<div class=\"elementor-element elementor-element-33813ad elementor-widget elementor-widget-text-editor\" data-id=\"33813ad\" data-element_type=\"widget\" data-e-type=\"widget\" data-widget_type=\"text-editor.default\">\n\t\t\t\t\t\t\t\t\t<h6 data-start=\"837\" data-end=\"1062\">O <strong data-start=\"839\" data-end=\"852\">SpedTotal<\/strong> \u00e9 um software de gest\u00e3o fiscal desenvolvido para automatizar o gerenciamento de <strong data-start=\"933\" data-end=\"949\">NF-e e NFS-e<\/strong>, simplificando a comunica\u00e7\u00e3o com <strong data-start=\"983\" data-end=\"1006\">SEFAZ e Prefeituras<\/strong> e tornando as opera\u00e7\u00f5es fiscais mais r\u00e1pidas e seguras.<\/h6><p>\u00a0<\/p>\t\t\t\t\t\t\t\t<\/div>\n\t\t\t\t\t<\/div>\n\t\t\t\t<\/div>\n\t\t<div class=\"elementor-element elementor-element-27bd8256 e-con-full e-flex elementor-invisible e-con e-parent\" data-id=\"27bd8256\" data-element_type=\"container\" data-e-type=\"container\" data-settings=\"{&quot;animation&quot;:&quot;fadeInUp&quot;}\">\n\t\t<div class=\"elementor-element elementor-element-6c0cf470 e-con-full e-flex e-con e-child\" data-id=\"6c0cf470\" data-element_type=\"container\" data-e-type=\"container\" data-settings=\"{&quot;background_background&quot;:&quot;classic&quot;}\">\n\t\t\t\t<div class=\"elementor-element elementor-element-621dddcd animated-slow elementor-invisible elementor-widget elementor-widget-heading\" data-id=\"621dddcd\" data-element_type=\"widget\" data-e-type=\"widget\" data-settings=\"{&quot;_animation&quot;:&quot;fadeIn&quot;}\" data-widget_type=\"heading.default\">\n\t\t\t\t\t<h3 class=\"elementor-heading-title elementor-size-default\">Plataforma<\/h3>\t\t\t\t<\/div>\n\t\t\t\t<div class=\"elementor-element elementor-element-69ffe868 elementor-widget__width-initial elementor-invisible elementor-widget elementor-widget-text-editor\" data-id=\"69ffe868\" data-element_type=\"widget\" data-e-type=\"widget\" data-settings=\"{&quot;_animation&quot;:&quot;fadeIn&quot;,&quot;_animation_delay&quot;:200}\" data-widget_type=\"text-editor.default\">\n\t\t\t\t\t\t\t\t\t<ul data-start=\"1087\" data-end=\"1264\"><li data-section-id=\"hksmca\" data-start=\"1087\" data-end=\"1147\"><h6><strong data-start=\"1089\" data-end=\"1145\">Emiss\u00e3o e recep\u00e7\u00e3o de documentos fiscais eletr\u00f4nicos<\/strong><\/h6><\/li><li data-section-id=\"1lpgurp\" data-start=\"1148\" data-end=\"1207\"><h6><strong data-start=\"1150\" data-end=\"1205\">Consulta, valida\u00e7\u00e3o e armazenamento de NF-e e NFS-e<\/strong><\/h6><\/li><li data-section-id=\"1qmzcv1\" data-start=\"1208\" data-end=\"1264\"><h6><strong data-start=\"1210\" data-end=\"1262\">Redu\u00e7\u00e3o de erros fiscais, rejei\u00e7\u00f5es e retrabalho<\/strong><\/h6><\/li><\/ul>\t\t\t\t\t\t\t\t<\/div>\n\t\t\t\t<\/div>\n\t\t<div class=\"elementor-element elementor-element-245c4df e-con-full e-flex e-con e-child\" data-id=\"245c4df\" data-element_type=\"container\" data-e-type=\"container\" data-settings=\"{&quot;background_background&quot;:&quot;classic&quot;}\">\n\t\t\t\t<div class=\"elementor-element elementor-element-184d3ace animated-slow elementor-widget__width-initial elementor-invisible elementor-widget elementor-widget-heading\" data-id=\"184d3ace\" data-element_type=\"widget\" data-e-type=\"widget\" data-settings=\"{&quot;_animation&quot;:&quot;fadeIn&quot;}\" data-widget_type=\"heading.default\">\n\t\t\t\t\t<h3 class=\"elementor-heading-title elementor-size-default\">Automa\u00e7\u00e3o &amp; Integra\u00e7\u00e3o<\/h3>\t\t\t\t<\/div>\n\t\t\t\t<div class=\"elementor-element elementor-element-72b25af elementor-invisible elementor-widget elementor-widget-text-editor\" data-id=\"72b25af\" data-element_type=\"widget\" data-e-type=\"widget\" data-settings=\"{&quot;_animation&quot;:&quot;fadeIn&quot;,&quot;_animation_delay&quot;:200}\" data-widget_type=\"text-editor.default\">\n\t\t\t\t\t\t\t\t\t<ul data-start=\"1344\" data-end=\"1481\"><li data-section-id=\"1nguqa6\" data-start=\"1344\" data-end=\"1380\"><h6>Melhora o controle das opera\u00e7\u00f5es<\/h6><\/li><li data-section-id=\"1x0xe7g\" data-start=\"1381\" data-end=\"1420\"><h6>Aumenta a produtividade das equipes<\/h6><\/li><li data-section-id=\"1i3av65\" data-start=\"1421\" data-end=\"1481\"><h6>Garante confiabilidade na comunica\u00e7\u00e3o com \u00f3rg\u00e3os fiscais<\/h6><\/li><\/ul>\t\t\t\t\t\t\t\t<\/div>\n\t\t\t\t<\/div>\n\t\t<div class=\"elementor-element elementor-element-1987e596 e-con-full e-flex e-con e-child\" data-id=\"1987e596\" data-element_type=\"container\" data-e-type=\"container\" data-settings=\"{&quot;background_background&quot;:&quot;classic&quot;}\">\n\t\t\t\t<div class=\"elementor-element elementor-element-6238a1ca animated-slow elementor-invisible elementor-widget elementor-widget-heading\" data-id=\"6238a1ca\" data-element_type=\"widget\" data-e-type=\"widget\" data-settings=\"{&quot;_animation&quot;:&quot;fadeIn&quot;}\" data-widget_type=\"heading.default\">\n\t\t\t\t\t<h3 class=\"elementor-heading-title elementor-size-default\">Interface Inteligente<\/h3>\t\t\t\t<\/div>\n\t\t\t\t<div class=\"elementor-element elementor-element-6d400723 elementor-invisible elementor-widget elementor-widget-text-editor\" data-id=\"6d400723\" data-element_type=\"widget\" data-e-type=\"widget\" data-settings=\"{&quot;_animation&quot;:&quot;fadeIn&quot;,&quot;_animation_delay&quot;:200}\" data-widget_type=\"text-editor.default\">\n\t\t\t\t\t\t\t\t\t<ul data-start=\"1519\" data-end=\"1657\"><li data-section-id=\"14yjefy\" data-start=\"1519\" data-end=\"1549\"><h6>Exibe status em tempo real<\/h6><\/li><li data-section-id=\"1yaqm51\" data-start=\"1550\" data-end=\"1596\"><h6>Utiliza \u00edcones e cores para r\u00e1pida leitura<\/h6><\/li><li data-section-id=\"1c1zsi2\" data-start=\"1597\" data-end=\"1657\"><h6>Facilita a identifica\u00e7\u00e3o de inconsist\u00eancias e pend\u00eancias<\/h6><\/li><\/ul>\t\t\t\t\t\t\t\t<\/div>\n\t\t\t\t<\/div>\n\t\t<div class=\"elementor-element elementor-element-20dec594 e-con-full e-flex e-con e-child\" data-id=\"20dec594\" data-element_type=\"container\" data-e-type=\"container\" data-settings=\"{&quot;background_background&quot;:&quot;classic&quot;}\">\n\t\t\t\t<div class=\"elementor-element elementor-element-4dac6b56 animated-slow elementor-invisible elementor-widget elementor-widget-heading\" data-id=\"4dac6b56\" data-element_type=\"widget\" data-e-type=\"widget\" data-settings=\"{&quot;_animation&quot;:&quot;fadeIn&quot;}\" data-widget_type=\"heading.default\">\n\t\t\t\t\t<h3 class=\"elementor-heading-title elementor-size-default\">Benef\u00edcios para sua empresa<\/h3>\t\t\t\t<\/div>\n\t\t\t\t<div class=\"elementor-element elementor-element-7d57ed05 elementor-invisible elementor-widget elementor-widget-text-editor\" data-id=\"7d57ed05\" data-element_type=\"widget\" data-e-type=\"widget\" data-settings=\"{&quot;_animation&quot;:&quot;fadeIn&quot;,&quot;_animation_delay&quot;:200}\" data-widget_type=\"text-editor.default\">\n\t\t\t\t\t\t\t\t\t<h6>\u2022 Otimiza\u00e7\u00e3o da gest\u00e3o fiscal<\/h6><h6>\u2022 Integra\u00e7\u00e3o de sistemas<\/h6><h6>\u2022 Automa\u00e7\u00e3o de processos<\/h6><h6>\u2022 Compliance tribut\u00e1rio<\/h6>\t\t\t\t\t\t\t\t<\/div>\n\t\t\t\t<\/div>\n\t\t\t\t<\/div>\n\t\t<div class=\"elementor-element elementor-element-4b0406d e-flex e-con-boxed e-con e-parent\" data-id=\"4b0406d\" data-element_type=\"container\" data-e-type=\"container\">\n\t\t\t\t\t<div class=\"e-con-inner\">\n\t\t\t\t<div class=\"elementor-element elementor-element-cbd90bb elementor-widget elementor-widget-text-editor\" data-id=\"cbd90bb\" data-element_type=\"widget\" data-e-type=\"widget\" data-widget_type=\"text-editor.default\">\n\t\t\t\t\t\t\t\t\t<h6>O SpedTotal conta com \u00e1reas de trabalho, cada qual com uma\u00a0interface distinta:<\/h6>\t\t\t\t\t\t\t\t<\/div>\n\t\t\t\t\t<\/div>\n\t\t\t\t<\/div>\n\t\t<div class=\"elementor-element elementor-element-f37e0e7 e-flex e-con-boxed e-con e-parent\" data-id=\"f37e0e7\" data-element_type=\"container\" data-e-type=\"container\">\n\t\t\t\t\t<div class=\"e-con-inner\">\n\t\t\t\t<div class=\"elementor-element elementor-element-0c4fa7e elementor-widget elementor-widget-image\" data-id=\"0c4fa7e\" data-element_type=\"widget\" data-e-type=\"widget\" data-widget_type=\"image.default\">\n\t\t\t\t\t\t\t\t\t\t\t\t\t\t\t<img fetchpriority=\"high\" decoding=\"async\" width=\"1919\" height=\"942\" src=\"https:\/\/php8.spedtotal.com.br\/wp-content\/uploads\/2026\/04\/NF-e.webp\" class=\"attachment-full size-full wp-image-291\" alt=\"\" srcset=\"https:\/\/php8.spedtotal.com.br\/wp-content\/uploads\/2026\/04\/NF-e.webp 1919w, https:\/\/php8.spedtotal.com.br\/wp-content\/uploads\/2026\/04\/NF-e-300x147.webp 300w, https:\/\/php8.spedtotal.com.br\/wp-content\/uploads\/2026\/04\/NF-e-1024x503.webp 1024w, https:\/\/php8.spedtotal.com.br\/wp-content\/uploads\/2026\/04\/NF-e-768x377.webp 768w, https:\/\/php8.spedtotal.com.br\/wp-content\/uploads\/2026\/04\/NF-e-1536x754.webp 1536w\" sizes=\"(max-width: 1919px) 100vw, 1919px\" \/>\t\t\t\t\t\t\t\t\t\t\t\t\t\t\t<\/div>\n\t\t\t\t\t<\/div>\n\t\t\t\t<\/div>\n\t\t\t\t<\/div>\n\t\t","protected":false},"excerpt":{"rendered":"<p>O SpedTotal \u00e9 um software de gest\u00e3o fiscal desenvolvido para automatizar o gerenciamento de NF-e e NFS-e, simplificando a comunica\u00e7\u00e3o com SEFAZ e Prefeituras e tornando as opera\u00e7\u00f5es fiscais mais r\u00e1pidas e seguras. \u00a0 Plataforma Emiss\u00e3o e recep\u00e7\u00e3o de documentos fiscais eletr\u00f4nicos Consulta, valida\u00e7\u00e3o e armazenamento de NF-e e NFS-e Redu\u00e7\u00e3o de erros fiscais, rejei\u00e7\u00f5es [&hellip;]<\/p>\n","protected":false},"author":2,"featured_media":0,"parent":0,"menu_order":0,"comment_status":"closed","ping_status":"closed","template":"","meta":{"footnotes":""},"class_list":["post-285","page","type-page","status-publish","hentry"],"_links":{"self":[{"href":"https:\/\/php8.spedtotal.com.br\/index.php?rest_route=\/wp\/v2\/pages\/285","targetHints":{"allow":["GET"]}}],"collection":[{"href":"https:\/\/php8.spedtotal.com.br\/index.php?rest_route=\/wp\/v2\/pages"}],"about":[{"href":"https:\/\/php8.spedtotal.com.br\/index.php?rest_route=\/wp\/v2\/types\/page"}],"author":[{"embeddable":true,"href":"https:\/\/php8.spedtotal.com.br\/index.php?rest_route=\/wp\/v2\/users\/2"}],"replies":[{"embeddable":true,"href":"https:\/\/php8.spedtotal.com.br\/index.php?rest_route=%2Fwp%2Fv2%2Fcomments&post=285"}],"version-history":[{"count":14,"href":"https:\/\/php8.spedtotal.com.br\/index.php?rest_route=\/wp\/v2\/pages\/285\/revisions"}],"predecessor-version":[{"id":306,"href":"https:\/\/php8.spedtotal.com.br\/index.php?rest_route=\/wp\/v2\/pages\/285\/revisions\/306"}],"wp:attachment":[{"href":"https:\/\/php8.spedtotal.com.br\/index.php?rest_route=%2Fwp%2Fv2%2Fmedia&parent=285"}],"curies":[{"name":"wp","href":"https:\/\/api.w.org\/{rel}","templated":true}]}}