{"id":255,"date":"2026-04-01T11:13:24","date_gmt":"2026-04-01T14:13:24","guid":{"rendered":"https:\/\/php8.spedtotal.com.br\/?page_id=255"},"modified":"2026-04-01T11:59:09","modified_gmt":"2026-04-01T14:59:09","slug":"elementor-pagina-255","status":"publish","type":"page","link":"https:\/\/php8.spedtotal.com.br\/?page_id=255","title":{"rendered":"O que o SpedTotal faz"},"content":{"rendered":"\t\t<div data-elementor-type=\"wp-page\" data-elementor-id=\"255\" class=\"elementor elementor-255\" data-elementor-post-type=\"page\">\n\t\t\t\t<div class=\"elementor-element elementor-element-d0f1e54 e-flex e-con-boxed e-con e-parent\" data-id=\"d0f1e54\" data-element_type=\"container\" data-e-type=\"container\">\n\t\t\t\t\t<div class=\"e-con-inner\">\n\t\t\t\t<div class=\"elementor-element elementor-element-11c1940 elementor-widget elementor-widget-text-editor\" data-id=\"11c1940\" data-element_type=\"widget\" data-e-type=\"widget\" data-widget_type=\"text-editor.default\">\n\t\t\t\t\t\t\t\t\t<h6>\u00a0<\/h6><h6><span style=\"color: #000000;\">Baseado em computa\u00e7\u00e3o em nuvem, o\u00a0<span style=\"color: #800000;\"><strong>SpedTotal<\/strong><\/span>\u00a0\u00e9 uma solu\u00e7\u00e3o simples, r\u00e1pida e segura, capaz de\u00a0<strong>Gerenciar\u00a0<\/strong>e prover servi\u00e7os de\u00a0<strong>NF-e,<\/strong>\u00a0<strong>EFD\u00a0ICMS IPI e EFD Contribui\u00e7\u00f5es.<\/strong><\/span><\/h6><h6>\u00a0<\/h6><h5><strong><span style=\"color: #800000;\">Suas principais funcionalidades s\u00e3o:<\/span><\/strong><\/h5><ul><li><h6><i class=\"fa fa-pencil color-theme \"><\/i>\u00a0 \u00a0Realizar a interface com os sistemas existentes do cliente.<\/h6><\/li><li><h6><i class=\"fa fa-check-square-o color-theme \"><\/i>\u00a0\u00a0 Realizar a interface com o SEFAZ e Prefeituras nas obriga\u00e7\u00f5es do SPED.<\/h6><\/li><li><h6><i class=\"fa fa-folder-open-o color-theme \"><\/i>\u00a0 \u00a0Armazenar os documentos fiscais e prover consultas e gerenciamento das informa\u00e7\u00f5es.<\/h6><\/li><\/ul>\t\t\t\t\t\t\t\t<\/div>\n\t\t\t\t\t\t\t\n\t\t<img class=\"e-image-base \" \n\t\t\t\t\tdata-interaction-id=\"2763048\" \n\t\t \n\t\t data-e-type=\"widget\" data-id=\"2763048\"\n\t\t\t\t\t\t\t\t\tid=\"260\"\n\t\t\t\t\t\t\t\t\t\t\t\tsrc=\"https:\/\/php8.spedtotal.com.br\/wp-content\/uploads\/2026\/04\/pg_o_que_faz-1.webp\"\n\t\t\t\t\t\t\t\t\t\t\t\twidth=\"850\"\n\t\t\t\t\t\t\t\t\t\t\t\theight=\"478\"\n\t\t\t\t\t\t\t\t\t\t\t\tsrcset=\"https:\/\/php8.spedtotal.com.br\/wp-content\/uploads\/2026\/04\/pg_o_que_faz-1.webp 850w, https:\/\/php8.spedtotal.com.br\/wp-content\/uploads\/2026\/04\/pg_o_que_faz-1-300x169.webp 300w, https:\/\/php8.spedtotal.com.br\/wp-content\/uploads\/2026\/04\/pg_o_que_faz-1-768x432.webp 768w\"\n\t\t\t\t\t\t\t\t\t\t\t\talt=\"\"\n\t\t\t\t\t\t\/>\n\t\t\t\t\t\t<\/div>\n\t\t\t\t<\/div>\n\t\t<div class=\"elementor-element elementor-element-ae062aa e-flex e-con-boxed e-con e-parent\" data-id=\"ae062aa\" data-element_type=\"container\" data-e-type=\"container\">\n\t\t\t\t\t<div class=\"e-con-inner\">\n\t\t\t\t<div class=\"elementor-element elementor-element-3cbc85c elementor-widget elementor-widget-text-editor\" data-id=\"3cbc85c\" data-element_type=\"widget\" data-e-type=\"widget\" data-widget_type=\"text-editor.default\">\n\t\t\t\t\t\t\t\t\t<h4><span style=\"color: #800000;\"><strong>Inova\u00e7\u00e3o e Produtividade<\/strong><\/span><\/h4><h6>O\u00a0<strong>SpedTotal<\/strong>\u00a0\u00e9 uma ferramenta\u00a0<strong>inovadora<\/strong>, extremamente\u00a0<strong>vers\u00e1til<\/strong>\u00a0e capaz de se adequar\u00a0\u00e0s necessidades de cada\u00a0tipo de neg\u00f3cio. Suas funcionalidades nativas e a possibilidade de se integrar ao ERP de sua empresa possibilita a\u00a0<strong>simplifica\u00e7\u00e3o de processos<\/strong>\u00a0e o aumento da\u00a0<strong>produtividade<\/strong>\u00a0da sua equipe:<\/h6><p>\u00a0<\/p><h6>\u2022 Compat\u00edvel com as regulamenta\u00e7\u00f5es e\u00a0<strong>padr\u00f5es do SEFAZ e ICP-Brasil<\/strong>\u00a0(Smart Card, Pen Drive ou Arquivo PFX padr\u00e3o X509\u00a0V3).<\/h6><h6>\u2022 Provimento do servi\u00e7o em nuvem, dispon\u00edvel 7&#215;24<\/h6><h6>\u2022 Permite a\u00a0<strong>Integra\u00e7\u00e3o com qualquer ERP<\/strong>.<\/h6><h6>\u2022 Conceito multiempresa.<\/h6><h6>\u2022 Assinatura realizada em nuvem, garantindo acessibilidade, independente do local.<\/h6><h6>\u00a0<\/h6><h4><strong><span style=\"color: #800000;\">Quais as vantagens? <\/span><\/strong><\/h4><h6>S\u00e3o v\u00e1rias! Vejamos algumas das principais:<\/h6><p>\u00a0<\/p><h6>\u2022 Permite que o seu ERP continue focado no seu neg\u00f3cio, transferindo a complexidade espec\u00edfica e a necessidade de atualiza\u00e7\u00e3o cont\u00ednua para um servi\u00e7o em nuvem ;<\/h6><h6>\u2022 V\u00e1rias formas de integra\u00e7\u00e3o com seu sistema legado, arquivos TXT, webservices, e com instala\u00e7\u00e3o de software no cliente, se necess\u00e1rio;<\/h6><h6>\u2022 Economia de tempo, de dinheiro e de recursos para manter os padr\u00f5es e regumenta\u00e7\u00f5es\u00a0do SPED sempre atualizados.<\/h6>\t\t\t\t\t\t\t\t<\/div>\n\t\t\t\t\t<\/div>\n\t\t\t\t<\/div>\n\t\t\t\t<\/div>\n\t\t","protected":false},"excerpt":{"rendered":"<p>\u00a0 Baseado em computa\u00e7\u00e3o em nuvem, o\u00a0SpedTotal\u00a0\u00e9 uma solu\u00e7\u00e3o simples, r\u00e1pida e segura, capaz de\u00a0Gerenciar\u00a0e prover servi\u00e7os de\u00a0NF-e,\u00a0EFD\u00a0ICMS IPI e EFD Contribui\u00e7\u00f5es. \u00a0 Suas principais funcionalidades s\u00e3o: \u00a0 \u00a0Realizar a interface com os sistemas existentes do cliente. \u00a0\u00a0 Realizar a interface com o SEFAZ e Prefeituras nas obriga\u00e7\u00f5es do SPED. \u00a0 \u00a0Armazenar os documentos fiscais [&hellip;]<\/p>\n","protected":false},"author":2,"featured_media":0,"parent":0,"menu_order":0,"comment_status":"closed","ping_status":"closed","template":"","meta":{"footnotes":""},"class_list":["post-255","page","type-page","status-publish","hentry"],"_links":{"self":[{"href":"https:\/\/php8.spedtotal.com.br\/index.php?rest_route=\/wp\/v2\/pages\/255","targetHints":{"allow":["GET"]}}],"collection":[{"href":"https:\/\/php8.spedtotal.com.br\/index.php?rest_route=\/wp\/v2\/pages"}],"about":[{"href":"https:\/\/php8.spedtotal.com.br\/index.php?rest_route=\/wp\/v2\/types\/page"}],"author":[{"embeddable":true,"href":"https:\/\/php8.spedtotal.com.br\/index.php?rest_route=\/wp\/v2\/users\/2"}],"replies":[{"embeddable":true,"href":"https:\/\/php8.spedtotal.com.br\/index.php?rest_route=%2Fwp%2Fv2%2Fcomments&post=255"}],"version-history":[{"count":18,"href":"https:\/\/php8.spedtotal.com.br\/index.php?rest_route=\/wp\/v2\/pages\/255\/revisions"}],"predecessor-version":[{"id":282,"href":"https:\/\/php8.spedtotal.com.br\/index.php?rest_route=\/wp\/v2\/pages\/255\/revisions\/282"}],"wp:attachment":[{"href":"https:\/\/php8.spedtotal.com.br\/index.php?rest_route=%2Fwp%2Fv2%2Fmedia&parent=255"}],"curies":[{"name":"wp","href":"https:\/\/api.w.org\/{rel}","templated":true}]}}